{"id":583,"date":"2023-08-05T02:56:01","date_gmt":"2023-08-05T02:56:01","guid":{"rendered":"https:\/\/maitreinspecteur.com\/?page_id=583"},"modified":"2025-05-25T08:57:21","modified_gmt":"2025-05-25T12:57:21","slug":"maintenance-logbook-bill-16","status":"publish","type":"page","link":"https:\/\/maitreinspecteur.com\/en\/maintenance-logbook-bill-16\/","title":{"rendered":"Maintenance Logbook (Bill 16)"},"content":{"rendered":"\n  <div id=\"page-header-1786615543\" class=\"page-header-wrapper\">\n  <div class=\"page-title dark divided-title has-parallax\">\n\n        <div class=\"page-title-bg\">\n      <div class=\"title-bg fill bg-fill\"\n        data-parallax-container=\".page-title\"\n        data-parallax-background\n        data-parallax=\"-\">\n      <\/div>\n      <div class=\"title-overlay fill\"><\/div>\n    <\/div>\n    \n    <div class=\"page-title-inner container align-center flex-row medium-flex-wrap\" data-parallax-fade=\"true\" data-parallax=\"-2\">\n              <div class=\"title-wrapper flex-col text-left medium-text-center\">\n          <h1 class=\"entry-title mb-0\">\n            Building Maintenance Logbook (Bill 16)          <\/h1>\n        <\/div>\n                    <div class=\"title-content flex-col flex-right text-right medium-text-center\">\n        <div class=\"title-share pt-half pb-half\"><div class=\"social-icons share-icons share-row relative\" ><a href=\"https:\/\/www.facebook.com\/sharer.php?u=https:\/\/maitreinspecteur.com\/en\/maintenance-logbook-bill-16\/\" data-label=\"Facebook\" onclick=\"window.open(this.href,this.title,'width=500,height=500,top=300px,left=300px'); return false;\" target=\"_blank\" class=\"icon plain tooltip facebook\" title=\"Share on Facebook\" aria-label=\"Share on Facebook\" rel=\"noopener nofollow\" ><i class=\"icon-facebook\" ><\/i><\/a><a href=\"mailto:?subject=Maintenance%20Logbook%20%28Bill%2016%29&body=Check%20this%20out%3A%20https%3A%2F%2Fmaitreinspecteur.com%2Fen%2Fmaintenance-logbook-bill-16%2F\" class=\"icon plain tooltip email\" title=\"Email to a Friend\" aria-label=\"Email to a Friend\" rel=\"nofollow\" ><i class=\"icon-envelop\" ><\/i><\/a><a href=\"https:\/\/www.linkedin.com\/shareArticle?mini=true&url=https:\/\/maitreinspecteur.com\/en\/maintenance-logbook-bill-16\/&title=Maintenance%20Logbook%20%28Bill%2016%29\" onclick=\"window.open(this.href,this.title,'width=500,height=500,top=300px,left=300px'); return false;\" target=\"_blank\" class=\"icon plain tooltip linkedin\" title=\"Share on LinkedIn\" aria-label=\"Share on LinkedIn\" rel=\"noopener nofollow\" ><i class=\"icon-linkedin\" ><\/i><\/a><\/div><\/div>      <\/div>\n    <\/div>\n\n     \n<style>\n#page-header-1786615543 .page-title-inner {\n  min-height: 160px;\n}\n#page-header-1786615543 .title-bg {\n  background-image: url(https:\/\/maitreinspecteur.com\/wp-content\/uploads\/2023\/07\/carnet-entretien-copropriete.jpg);\n  background-position: 0% 33%;\n}\n#page-header-1786615543 .title-overlay {\n  background-color: rgba(0, 0, 0, 0.529);\n}\n<\/style>\n  <\/div>\n  <div class=\"container header-wrapper-divider\"><hr\/><\/div>  <\/div>\n  \n\n\t<section class=\"section\" id=\"section_1002413763\">\n\t\t<div class=\"bg section-bg fill bg-fill  bg-loaded\" >\n\n\t\t\t\n\t\t\t\n\t\t\t\n\n\t\t<\/div>\n\n\t\t\n\n\t\t<div class=\"section-content relative\">\n\t\t\t\n\n<div class=\"row\"  id=\"row-1191884230\">\n\n\n\t<div id=\"col-408525643\" class=\"col medium-6 small-12 large-6\"  >\n\t\t\t\t<div class=\"col-inner\"  >\n\t\t\t\n\t\t\t\n\n\t<div id=\"text-2325704205\" class=\"text\">\n\t\t\n\n<h3 class=\"uppercase\">Ensure the long-term upkeep of your condo BUILDING<\/h3>\n\t\t\n<style>\n#text-2325704205 {\n  font-size: 1rem;\n  color: rgb(94, 94, 94);\n}\n#text-2325704205 > * {\n  color: rgb(94, 94, 94);\n}\n@media (min-width:550px) {\n  #text-2325704205 {\n    font-size: 0.75rem;\n  }\n}\n<\/style>\n\t<\/div>\n\t\n\t<div id=\"gap-381827808\" class=\"gap-element clearfix\" style=\"display:block; height:auto;\">\n\t\t\n<style>\n#gap-381827808 {\n  padding-top: 10px;\n}\n<\/style>\n\t<\/div>\n\t\n\n<div class=\"row\"  id=\"row-2067830184\">\n\n\n\t<div id=\"col-1498425049\" class=\"col medium-6 small-12 large-6\"  >\n\t\t\t\t<div class=\"col-inner\"  >\n\t\t\t\n\t\t\t\n\n\t<div id=\"text-1199767941\" class=\"text\">\n\t\t\n\n<p><a href=\"http:\/\/maitreinspecteur.com\/wp-content\/uploads\/2023\/07\/checkmark-circle-sharp-custom.svg\"><img loading=\"lazy\" decoding=\"async\" class=\"alignnone  wp-image-171\" src=\"http:\/\/maitreinspecteur.com\/wp-content\/uploads\/2023\/07\/checkmark-circle-sharp-custom.svg\" alt=\"\" width=\"19\" height=\"19\" data-wp-editing=\"1\"><\/a> &nbsp;<strong>CERTIFIED INSPECTORS<\/strong><\/p>\n<p><a href=\"http:\/\/maitreinspecteur.com\/wp-content\/uploads\/2023\/07\/checkmark-circle-sharp-custom.svg\"><img loading=\"lazy\" decoding=\"async\" class=\"alignnone  wp-image-171\" src=\"http:\/\/maitreinspecteur.com\/wp-content\/uploads\/2023\/07\/checkmark-circle-sharp-custom.svg\" alt=\"\" width=\"19\" height=\"19\" data-wp-editing=\"1\"><\/a>&nbsp; <strong>DETAILED REPORTS<\/strong><\/p>\n\t\t\n<style>\n#text-1199767941 {\n  font-size: 1rem;\n}\n@media (min-width:550px) {\n  #text-1199767941 {\n    font-size: 0.75rem;\n  }\n}\n<\/style>\n\t<\/div>\n\t\n\n\t\t<\/div>\n\t\t\t\t\n<style>\n#col-1498425049 > .col-inner {\n  margin: 0px 0px -28px 0px;\n}\n<\/style>\n\t<\/div>\n\n\t\n\n\t<div id=\"col-1789774069\" class=\"col medium-6 small-12 large-6\"  >\n\t\t\t\t<div class=\"col-inner\"  >\n\t\t\t\n\t\t\t\n\n\t<div id=\"text-566435485\" class=\"text\">\n\t\t\n\n<p><a href=\"http:\/\/maitreinspecteur.com\/wp-content\/uploads\/2023\/07\/checkmark-circle-sharp-custom.svg\"><img loading=\"lazy\" decoding=\"async\" class=\"alignnone  wp-image-171\" src=\"http:\/\/maitreinspecteur.com\/wp-content\/uploads\/2023\/07\/checkmark-circle-sharp-custom.svg\" alt=\"\" width=\"19\" height=\"19\" data-wp-editing=\"1\"><\/a>&nbsp; <strong>SEASONED INSPECTORS<br \/><\/strong><\/p>\n<p><strong><a href=\"http:\/\/maitreinspecteur.com\/wp-content\/uploads\/2023\/07\/checkmark-circle-sharp-custom.svg\"><img loading=\"lazy\" decoding=\"async\" class=\"alignnone  wp-image-171\" src=\"http:\/\/maitreinspecteur.com\/wp-content\/uploads\/2023\/07\/checkmark-circle-sharp-custom.svg\" alt=\"\" width=\"19\" height=\"19\" data-wp-editing=\"1\"><\/a>&nbsp; MODERN INSPECTION TOOLS<\/strong><\/p>\n\t\t\n<style>\n#text-566435485 {\n  font-size: 1rem;\n}\n@media (min-width:550px) {\n  #text-566435485 {\n    font-size: 0.75rem;\n  }\n}\n<\/style>\n\t<\/div>\n\t\n\n\t\t<\/div>\n\t\t\t\t\t<\/div>\n\n\t\n\n<\/div>\n\t<div id=\"text-393497287\" class=\"text\">\n\t\t\n\n<section class=\"av_textblock_section av-2rr7ag-0436b6502988f048282e0e1441d77549 \">\n<div class=\"avia_textblock \">\n<p>An essential tool for any condo building, the <strong>maintenance logbook<\/strong> acts as a detailed journal documenting the history of the property and compiling all carried out or planned interventions. Although not yet mandatory, this document enhances a condominium&#8217;s competitiveness in the resale market. Moreover, administrators who adopt it demonstrate a commitment towards good governance and healthy, responsible management.<\/p>\n<p>This document lists the major construction and technical features of the building, while cataloging various maintenance, warranty, and insurance contracts. It also facilitates the planning of future work in accordance with the <span style=\"text-decoration: underline;\">asset management plan<\/span>.<\/p>\n<p>The relevance of the maintenance logbook is even greater in the context of condominium unions, which often experience changes in administrators.<\/p>\n<p>In the absence of this document, passing on knowledge between old and new administrators would be difficult. New administrators often have no knowledge of the current state of the building or the history of interventions. Without a maintenance logbook, they would be forced to start everything from scratch, and limit themselves to occasional interventions. These, not being rooted in a holistic approach or in the continuity of previous operations, often prove ineffective or, even worse, can further deteriorate the state of the building.<\/p>\n<h2>When will the obligation come into effect?<\/h2>\n<p>Once the regulation is adopted, a period of 3 years will be necessary before the maintenance logbook becomes an obligation. Roughly, this could be around 2026, if the regulation is adopted in 2023, or even later. This gives you plenty of time to prepare.<\/p>\n<h2>Why is it wise not to wait until the last minute?<\/h2>\n<p>Despite the time given to us, it&#8217;s advantageous to get ahead.<\/p>\n<p>By establishing a maintenance logbook now, your condominium:<\/p>\n<p><a style=\"font-size: 14.4px;\" href=\"http:\/\/maitreinspecteur.com\/wp-content\/uploads\/2023\/07\/checkmark-circle-sharp-custom.svg\"><img loading=\"lazy\" decoding=\"async\" class=\"alignnone  wp-image-171\" src=\"http:\/\/maitreinspecteur.com\/wp-content\/uploads\/2023\/07\/checkmark-circle-sharp-custom.svg\" alt=\"\" width=\"19\" height=\"19\" data-wp-editing=\"1\" \/><\/a> Will be ready to meet this obligation as soon as it comes into effect; <br \/><a style=\"font-size: 14.4px;\" href=\"http:\/\/maitreinspecteur.com\/wp-content\/uploads\/2023\/07\/checkmark-circle-sharp-custom.svg\"><img loading=\"lazy\" decoding=\"async\" class=\"alignnone  wp-image-171\" src=\"http:\/\/maitreinspecteur.com\/wp-content\/uploads\/2023\/07\/checkmark-circle-sharp-custom.svg\" alt=\"\" width=\"19\" height=\"19\" data-wp-editing=\"1\" \/><\/a> Will see positive benefits concerning the preservation of its real estate asset.<\/p>\n<p>In terms of asset management, it&#8217;s always more profitable to adopt a proactive approach rather than a reactive one. A condominium displaying impeccable management will more likely attract potential buyers. Moreover, applying good maintenance practices can extend the lifespan of the building&#8217;s materials and components, thus generating long-term savings. We encourage you to start the process as soon as possible.<\/p>\n<h2>When is the best time to establish the maintenance logbook?<\/h2>\n<p>Although there&#8217;s no perfect time to establish a maintenance logbook, given the benefits that such a tool provides (and that it will become mandatory soon), it is advisable to start as soon as possible.<\/p>\n<p>Since the amendments made to Bill 16, a large number of condominiums have undertaken their contingency fund study, even if it&#8217;s not yet mandatory (but it will be at the same time as the maintenance logbook, in the coming years).<\/p>\n<p>Submitting a contingency fund study is a perfect opportunity to establish your maintenance logbook. The expert conducting the study creates a list of elements constituting the property as well as an asset maintenance plan to assess major work to be planned.<\/p>\n<h2>Why choose our service for your building&#8217;s maintenance logbook?<\/h2>\n<p>With over 25 years of experience, our team of certified building inspectors offers deep expertise and understanding of legal and technical obligations related to condominium maintenance. We are committed to providing a high-quality, efficient, and reliable service.<\/p>\n<p>By choosing Ma\u00eetre Inspecteur, you will benefit from:<\/p>\n<p><a style=\"font-size: 14.4px;\" href=\"http:\/\/maitreinspecteur.com\/wp-content\/uploads\/2023\/07\/checkmark-circle-sharp-custom.svg\"><img loading=\"lazy\" decoding=\"async\" class=\"alignnone  wp-image-171\" src=\"http:\/\/maitreinspecteur.com\/wp-content\/uploads\/2023\/07\/checkmark-circle-sharp-custom.svg\" alt=\"\" width=\"19\" height=\"19\" data-wp-editing=\"1\" \/><\/a> Thorough and rigorous analysis of your condominium by qualified professionals;<br \/><a style=\"font-size: 14.4px;\" href=\"http:\/\/maitreinspecteur.com\/wp-content\/uploads\/2023\/07\/checkmark-circle-sharp-custom.svg\"><img loading=\"lazy\" decoding=\"async\" class=\"alignnone  wp-image-171\" src=\"http:\/\/maitreinspecteur.com\/wp-content\/uploads\/2023\/07\/checkmark-circle-sharp-custom.svg\" alt=\"\" width=\"19\" height=\"19\" data-wp-editing=\"1\" \/><\/a>\u00a0A complete and detailed maintenance logbook, designed to be easy to follow and understand; <br \/><a style=\"font-size: 14.4px;\" href=\"http:\/\/maitreinspecteur.com\/wp-content\/uploads\/2023\/07\/checkmark-circle-sharp-custom.svg\"><img loading=\"lazy\" decoding=\"async\" class=\"alignnone  wp-image-171\" src=\"http:\/\/maitreinspecteur.com\/wp-content\/uploads\/2023\/07\/checkmark-circle-sharp-custom.svg\" alt=\"\" width=\"19\" height=\"19\" data-wp-editing=\"1\" \/><\/a> Detailed forecasts of maintenance work and future costs, allowing you to plan and manage your budget optimally; <br \/><a style=\"font-size: 14.4px;\" href=\"http:\/\/maitreinspecteur.com\/wp-content\/uploads\/2023\/07\/checkmark-circle-sharp-custom.svg\"><img loading=\"lazy\" decoding=\"async\" class=\"alignnone  wp-image-171\" src=\"http:\/\/maitreinspecteur.com\/wp-content\/uploads\/2023\/07\/checkmark-circle-sharp-custom.svg\" alt=\"\" width=\"19\" height=\"19\" data-wp-editing=\"1\" \/><\/a> Dedicated after-sales service to answer all your questions and assist you in implementing the recommendations provided.<\/p>\n<h2>Protect your investment and ensure the longevity of your condominium<\/h2>\n<p>Make sure your condominium complies with the law, is well maintained, and its value preserved. Contact us today to discuss your needs and plan your consultation.<\/p>\n<p>Investing in a professional maintenance logbook means investing in peace of mind, safety, and the durability of your condominium. Don&#8217;t hesitate to contact us for any questions or to schedule a consultation. We are here to help you at every step of managing your condominium.<\/p>\n<\/div>\n<\/section>\n\t\t\n<style>\n#text-393497287 {\n  font-size: 1.15rem;\n}\n<\/style>\n\t<\/div>\n\t\n\n\t\t<\/div>\n\t\t\t\t\t<\/div>\n\n\t\n\n\t<div id=\"col-2040185716\" class=\"col medium-6 small-12 large-6\"  >\n\t\t<div class=\"is-sticky-column\"><div class=\"is-sticky-column__inner\">\t\t<div class=\"col-inner\" style=\"background-color:rgb(255,255,255);\" >\n\t\t\t\n\t\t\t\n\n\t<div id=\"text-2326535113\" class=\"text\">\n\t\t\n\n<h2>Get a Free Quote<\/h2>\n<p>To schedule an inspection or get a quote, simply fill in the form below and a member of our team will contact you as soon as possible.<\/p>\n\t\t\n<style>\n#text-2326535113 {\n  font-size: 1.15rem;\n}\n<\/style>\n\t<\/div>\n\t\n\n\n<div class=\"pipedriveWebForms\" data-pd-webforms=\"https:\/\/webforms.pipedrive.com\/f\/6k1fimmiC51K690hqrGJkNYhEDViHyIGYvLdF8vEnmdc4NZYk3vFaCtBNEHgSmRNtN\"><script src=\"https:\/\/webforms.pipedrive.com\/f\/loader\"><\/script><\/div>\n\n\n\t\t<\/div>\n\t\t<\/div><\/div>\t\t\n<style>\n#col-2040185716 > .is-sticky-column > .is-sticky-column__inner > .col-inner {\n  padding: 20px 15px 20px 15px;\n  border-radius: 32px;\n}\n<\/style>\n\t<\/div>\n\n\t\n\n<\/div>\n\n\t\t<\/div>\n\n\t\t\n<style>\n#section_1002413763 {\n  padding-top: 30px;\n  padding-bottom: 30px;\n  background-color: rgb(247, 247, 247);\n}\n<\/style>\n\t<\/section>\n\t\n\t<section class=\"section\" id=\"section_34413127\">\n\t\t<div class=\"bg section-bg fill bg-fill  bg-loaded\" >\n\n\t\t\t\n\t\t\t\n\t\t\t\n\n\t\t<\/div>\n\n\t\t\n\n\t\t<div class=\"section-content relative\">\n\t\t\t\n\n<div class=\"row\"  id=\"row-2131977724\">\n\n\n\t<div id=\"col-832436683\" class=\"col small-12 large-12\"  >\n\t\t\t\t<div class=\"col-inner\"  >\n\t\t\t\n\t\t\t\n\n\t<div id=\"text-2609372180\" class=\"text\">\n\t\t\n\n<h3>WHAT OUR CUSTOMERS SAY ABOUT US<\/h3>\n\t\t\n<style>\n#text-2609372180 {\n  font-size: 0.75rem;\n  color: rgb(94, 94, 94);\n}\n#text-2609372180 > * {\n  color: rgb(94, 94, 94);\n}\n<\/style>\n\t<\/div>\n\t\n<h2>Testimonials<\/h2>\n\t<div id=\"gap-22366263\" class=\"gap-element clearfix\" style=\"display:block; height:auto;\">\n\t\t\n<style>\n#gap-22366263 {\n  padding-top: 30px;\n}\n<\/style>\n\t<\/div>\n\t\n\n<div class=\"row\"  id=\"row-758022188\">\n\n\n\t<div id=\"col-221734486\" class=\"col small-12 large-12\"  >\n\t\t\t\t<div class=\"col-inner\"  >\n\t\t\t\n\t\t\t\n\n<div class=\"row align-equal row-box-shadow-2 row-box-shadow-5-hover\"  id=\"row-1439594113\">\n\n\n\t<div id=\"col-2130638352\" class=\"col medium-4 small-12 large-4\"  >\n\t\t\t\t<div class=\"col-inner\"  >\n\t\t\t\n\t\t\t\n\n  <div class=\"icon-box testimonial-box icon-box-center text-center\">\n                <div class=\"icon-box-img testimonial-image circle\" style=\"width: 121px\">\n                      <\/div>\n                <div class=\"icon-box-text p-last-0\">\n          <div class=\"star-rating\"><span style=\"width:100%\"><strong class=\"rating\"><\/strong><\/span><\/div>  \t\t\t\t<div class=\"testimonial-text line-height-small italic test_text first-reset last-reset is-italic\">\n            \n\n<p>I really liked the inspection, having already had some done a few times, Maitre Inspecteur&#8217;s is very precise, many thanks! <em>(Translated from French)<\/em><\/p>\n\n          <\/div>\n          <div class=\"testimonial-meta pt-half\">\n             <strong class=\"testimonial-name test_name\">Alexandre Theriault-Lachance<\/strong>\n             <span class=\"testimonial-name-divider\"> \/ <\/span>             <span class=\"testimonial-company test_company\">Private owner<\/span>\n          <\/div>\n        <\/div>\n  <\/div>\n\n  \n\n\t\t<\/div>\n\t\t\t\t\t<\/div>\n\n\t\n\n\t<div id=\"col-394559690\" class=\"col medium-4 small-12 large-4\"  >\n\t\t\t\t<div class=\"col-inner\"  >\n\t\t\t\n\t\t\t\n\n  <div class=\"icon-box testimonial-box icon-box-center text-center\">\n                <div class=\"icon-box-img testimonial-image circle\" style=\"width: 121px\">\n                      <\/div>\n                <div class=\"icon-box-text p-last-0\">\n          <div class=\"star-rating\"><span style=\"width:100%\"><strong class=\"rating\"><\/strong><\/span><\/div>  \t\t\t\t<div class=\"testimonial-text line-height-small italic test_text first-reset last-reset is-italic\">\n            \n\n<div class=\"group w-full text-gray-800 dark:text-gray-100 border-b border-black\/10 dark:border-gray-900\/50 bg-gray-50 dark:bg-&#091;#444654&#093;\">\n<div class=\"flex p-4 gap-4 text-base md:gap-6 md:max-w-2xl lg:max-w-&#091;38rem&#093; xl:max-w-3xl md:py-6 lg:px-0 m-auto\">\n<div class=\"relative flex w-&#091;calc(100%-50px)&#093; flex-col gap-1 md:gap-3 lg:w-&#091;calc(100%-115px)&#093;\">\n<div class=\"flex flex-grow flex-col gap-3\">\n<div class=\"min-h-&#091;20px&#093; flex items-start overflow-x-auto whitespace-pre-wrap break-words flex-col gap-4\">\n<div class=\"markdown prose w-full break-words dark:prose-invert light\">\n<p>Very professional and competent. His expertise is second to none. We have used the services of his team several times and they have never disappointed us. We recommend him to anyone who needs an inspection for their residential or commercial property. <em>(Translated from French)<\/em><\/p>\n<\/div>\n<\/div>\n<\/div>\n<\/div>\n<\/div>\n<\/div>\n\n          <\/div>\n          <div class=\"testimonial-meta pt-half\">\n             <strong class=\"testimonial-name test_name\">Ana Petcu<\/strong>\n             <span class=\"testimonial-name-divider\"> \/ <\/span>             <span class=\"testimonial-company test_company\">Commercial<\/span>\n          <\/div>\n        <\/div>\n  <\/div>\n\n  \n\n\t\t<\/div>\n\t\t\t\t\t<\/div>\n\n\t\n\n\t<div id=\"col-313609731\" class=\"col medium-4 small-12 large-4\"  >\n\t\t\t\t<div class=\"col-inner\"  >\n\t\t\t\n\t\t\t\n\n  <div class=\"icon-box testimonial-box icon-box-center text-center\">\n                <div class=\"icon-box-img testimonial-image circle\" style=\"width: 121px\">\n                      <\/div>\n                <div class=\"icon-box-text p-last-0\">\n          <div class=\"star-rating\"><span style=\"width:100%\"><strong class=\"rating\"><\/strong><\/span><\/div>  \t\t\t\t<div class=\"testimonial-text line-height-small italic test_text first-reset last-reset is-italic\">\n            \n\n<div class=\"e-box h-p2 -stacked -radius-none\">\n<p class=\"t-body h-my1\">Excellent inspection company. We have used their services more than once. Emil is a very good popularizer of technical notions. Always ready to listen. No problems since 2020. <em>(Translated from French)<\/em><\/p>\n<\/div>\n\n          <\/div>\n          <div class=\"testimonial-meta pt-half\">\n             <strong class=\"testimonial-name test_name\">E B<\/strong>\n             <span class=\"testimonial-name-divider\"> \/ <\/span>             <span class=\"testimonial-company test_company\">Commercial<\/span>\n          <\/div>\n        <\/div>\n  <\/div>\n\n  \n\n\t\t<\/div>\n\t\t\t\t\t<\/div>\n\n\t\n\n\n<style>\n#row-1439594113 > .col > .col-inner {\n  padding: 30px 30px 30px 30px;\n  background-color: rgb(255,255,255);\n}\n<\/style>\n<\/div>\n\n\t\t<\/div>\n\t\t\t\t\t<\/div>\n\n\t\n\n<\/div>\n\n\t\t<\/div>\n\t\t\t\t\n<style>\n#col-832436683 > .col-inner {\n  margin: 0px 0px -30px 0px;\n}\n<\/style>\n\t<\/div>\n\n\t\n\n<\/div>\n\n\t\t<\/div>\n\n\t\t\n<style>\n#section_34413127 {\n  padding-top: 30px;\n  padding-bottom: 30px;\n}\n<\/style>\n\t<\/section>\n\t\n\t<section class=\"section\" id=\"section_453893487\">\n\t\t<div class=\"bg section-bg fill bg-fill  bg-loaded\" >\n\n\t\t\t\n\t\t\t\n\t\t\t\n\n\t\t<\/div>\n\n\t\t\n\n\t\t<div class=\"section-content relative\">\n\t\t\t\n\n<div class=\"row\"  id=\"row-940632924\">\n\n\n\t<div id=\"col-787054109\" class=\"col small-12 large-12\"  >\n\t\t\t\t<div class=\"col-inner\"  >\n\t\t\t\n\t\t\t\n\n\t<div id=\"text-51257129\" class=\"text\">\n\t\t\n\n<h3>Regions We Serve<\/h3>\n<p><strong>Greater Montreal Area: <\/strong>Plateau-Mont-Royal, Mile End, Outremont, Ville-Marie, Old Montreal, Griffintown, Quartier des Spectacles, Quartier Latin, Chinatown, Gay Village, C\u00f4te-des-Neiges (CDN), Notre-Dame-de-Gr\u00e2ce (NDG), Westmount, Little Burgundy, Saint-Henri, Verdun, Hochelaga-Maisonneuve, Rosemont-La Petite-Patrie, Villeray-Saint-Michel-Parc-Extension, Anjou, Saint-L\u00e9onard, Ahuntsic-Cartierville, Montr\u00e9al-Nord, Rivi\u00e8re-des-Prairies-Pointe-aux-Trembles, Mercier-Hochelaga-Maisonneuve, LaSalle, Lachine, Dorval, Pointe-Claire, Dollard-des-Ormeaux, Pierrefonds-Roxboro. <strong>North Shore and Laurentians:<\/strong> Laval, Terrebonne, Saint-J\u00e9r\u00f4me, Blainville, Mirabel, Saint-Eustache, Boisbriand, Sainte-Th\u00e9r\u00e8se, Val David, Saint Sauveur, Mont Tremblant. Lanaudi\u00e8re: Repentigny, Mascouche, L'Assomption, Joliette, Saint-Charles-Borrom\u00e9e, L'\u00c9piphanie. <strong>South Shore and Mont\u00e9r\u00e9gie:<\/strong> Longueuil, Brossard, Saint-Hubert, Saint-Jean-sur-Richelieu, Saint-Bruno-de-Montarville, Boucherville, Saint-Lambert, Ch\u00e2teauguay, La Prairie, Sainte-Julie, Granby. <strong>Mauricie:<\/strong> Trois-Rivi\u00e8res, Shawinigan, B\u00e9cancour, La Tuque, Louiseville. <strong>Capitale-Nationale:<\/strong> Quebec City and surrounding cities, Gatineau region, <strong>Eastern Townships:<\/strong> Sherbrooke and surrounding areas.<\/p>\n\t\t\n<style>\n#text-51257129 {\n  font-size: 0.9rem;\n}\n@media (min-width:550px) {\n  #text-51257129 {\n    font-size: 0.8rem;\n  }\n}\n<\/style>\n\t<\/div>\n\t\n\n\t\t<\/div>\n\t\t\t\t\n<style>\n#col-787054109 > .col-inner {\n  margin: 0px 0px -30px 0px;\n}\n<\/style>\n\t<\/div>\n\n\t\n\n<\/div>\n\n\t\t<\/div>\n\n\t\t\n<style>\n#section_453893487 {\n  padding-top: 30px;\n  padding-bottom: 30px;\n  background-color: rgb(247, 247, 247);\n}\n<\/style>\n\t<\/section>\n\t\n\n\n","protected":false},"excerpt":{"rendered":"","protected":false},"author":1,"featured_media":0,"parent":0,"menu_order":0,"comment_status":"closed","ping_status":"closed","template":"page-transparent-header-light.php","meta":{"footnotes":""},"class_list":["post-583","page","type-page","status-publish","hentry"],"jetpack_sharing_enabled":true,"_links":{"self":[{"href":"https:\/\/maitreinspecteur.com\/en\/wp-json\/wp\/v2\/pages\/583","targetHints":{"allow":["GET"]}}],"collection":[{"href":"https:\/\/maitreinspecteur.com\/en\/wp-json\/wp\/v2\/pages"}],"about":[{"href":"https:\/\/maitreinspecteur.com\/en\/wp-json\/wp\/v2\/types\/page"}],"author":[{"embeddable":true,"href":"https:\/\/maitreinspecteur.com\/en\/wp-json\/wp\/v2\/users\/1"}],"replies":[{"embeddable":true,"href":"https:\/\/maitreinspecteur.com\/en\/wp-json\/wp\/v2\/comments?post=583"}],"version-history":[{"count":5,"href":"https:\/\/maitreinspecteur.com\/en\/wp-json\/wp\/v2\/pages\/583\/revisions"}],"predecessor-version":[{"id":1605,"href":"https:\/\/maitreinspecteur.com\/en\/wp-json\/wp\/v2\/pages\/583\/revisions\/1605"}],"wp:attachment":[{"href":"https:\/\/maitreinspecteur.com\/en\/wp-json\/wp\/v2\/media?parent=583"}],"curies":[{"name":"wp","href":"https:\/\/api.w.org\/{rel}","templated":true}]}}