{"id":618,"date":"2023-08-14T21:46:25","date_gmt":"2023-08-14T21:46:25","guid":{"rendered":"https:\/\/maitreinspecteur.com\/?page_id=618"},"modified":"2025-05-25T09:00:33","modified_gmt":"2025-05-25T13:00:33","slug":"home-inspection-services","status":"publish","type":"page","link":"https:\/\/maitreinspecteur.com\/en\/home-inspection-services\/","title":{"rendered":"Home Inspection Services"},"content":{"rendered":"\n  <div id=\"page-header-481779811\" class=\"page-header-wrapper\">\n  <div class=\"page-title dark divided-title has-parallax\">\n\n        <div class=\"page-title-bg\">\n      <div class=\"title-bg fill bg-fill\"\n        data-parallax-container=\".page-title\"\n        data-parallax-background\n        data-parallax=\"-\">\n      <\/div>\n      <div class=\"title-overlay fill\"><\/div>\n    <\/div>\n    \n    <div class=\"page-title-inner container align-center flex-row medium-flex-wrap\" data-parallax-fade=\"true\" data-parallax=\"-2\">\n              <div class=\"title-wrapper flex-col text-left medium-text-center\">\n          <h1 class=\"entry-title mb-0\">\n            Home Inspection          <\/h1>\n        <\/div>\n                    <div class=\"title-content flex-col flex-right text-right medium-text-center\">\n        <div class=\"title-share pt-half pb-half\"><div class=\"social-icons share-icons share-row relative\" ><a href=\"https:\/\/www.facebook.com\/sharer.php?u=https:\/\/maitreinspecteur.com\/en\/home-inspection-services\/\" data-label=\"Facebook\" onclick=\"window.open(this.href,this.title,'width=500,height=500,top=300px,left=300px'); return false;\" target=\"_blank\" class=\"icon plain tooltip facebook\" title=\"Share on Facebook\" aria-label=\"Share on Facebook\" rel=\"noopener nofollow\" ><i class=\"icon-facebook\" ><\/i><\/a><a href=\"mailto:?subject=Home%20Inspection%20Services&body=Check%20this%20out%3A%20https%3A%2F%2Fmaitreinspecteur.com%2Fen%2Fhome-inspection-services%2F\" class=\"icon plain tooltip email\" title=\"Email to a Friend\" aria-label=\"Email to a Friend\" rel=\"nofollow\" ><i class=\"icon-envelop\" ><\/i><\/a><a href=\"https:\/\/www.linkedin.com\/shareArticle?mini=true&url=https:\/\/maitreinspecteur.com\/en\/home-inspection-services\/&title=Home%20Inspection%20Services\" onclick=\"window.open(this.href,this.title,'width=500,height=500,top=300px,left=300px'); return false;\" target=\"_blank\" class=\"icon plain tooltip linkedin\" title=\"Share on LinkedIn\" aria-label=\"Share on LinkedIn\" rel=\"noopener nofollow\" ><i class=\"icon-linkedin\" ><\/i><\/a><\/div><\/div>      <\/div>\n    <\/div>\n\n     \n<style>\n#page-header-481779811 .page-title-inner {\n  min-height: 160px;\n}\n#page-header-481779811 .title-bg {\n  background-image: 94;\n}\n<\/style>\n  <\/div>\n  <div class=\"container header-wrapper-divider\"><hr\/><\/div>  <\/div>\n  \n\n\t<section class=\"section\" id=\"section_986882874\">\n\t\t<div class=\"bg section-bg fill bg-fill  bg-loaded\" >\n\n\t\t\t\n\t\t\t\n\t\t\t\n\n\t\t<\/div>\n\n\t\t\n\n\t\t<div class=\"section-content relative\">\n\t\t\t\n\n<div class=\"row\"  id=\"row-395803257\">\n\n\n\t<div id=\"col-453715110\" class=\"col medium-6 small-12 large-6\"  >\n\t\t\t\t<div class=\"col-inner\"  >\n\t\t\t\n\t\t\t\n\n\t<div id=\"text-39634242\" class=\"text\">\n\t\t\n\n<h3>PRE-PURCHASE HOME INSPECTION TO AVOID ANY BAD SURPRISE<\/h3>\n\t\t\n<style>\n#text-39634242 {\n  font-size: 1rem;\n  color: rgb(94, 94, 94);\n}\n#text-39634242 > * {\n  color: rgb(94, 94, 94);\n}\n@media (min-width:550px) {\n  #text-39634242 {\n    font-size: 0.75rem;\n  }\n}\n<\/style>\n\t<\/div>\n\t\n\t<div id=\"gap-1432833233\" class=\"gap-element clearfix\" style=\"display:block; height:auto;\">\n\t\t\n<style>\n#gap-1432833233 {\n  padding-top: 10px;\n}\n<\/style>\n\t<\/div>\n\t\n\n<div class=\"row\"  id=\"row-1200308027\">\n\n\n\t<div id=\"col-573950599\" class=\"col medium-6 small-12 large-6\"  >\n\t\t\t\t<div class=\"col-inner\"  >\n\t\t\t\n\t\t\t\n\n\t<div id=\"text-2331798733\" class=\"text\">\n\t\t\n\n<p><a href=\"http:\/\/maitreinspecteur.com\/wp-content\/uploads\/2023\/07\/checkmark-circle-sharp-custom.svg\"><img loading=\"lazy\" decoding=\"async\" class=\"alignnone  wp-image-171\" src=\"http:\/\/maitreinspecteur.com\/wp-content\/uploads\/2023\/07\/checkmark-circle-sharp-custom.svg\" alt=\"\" width=\"19\" height=\"19\" data-wp-editing=\"1\" \/><\/a> \u00a0<strong>CERTIFIED INSPECTORS<\/strong><\/p>\n<p><a href=\"http:\/\/maitreinspecteur.com\/wp-content\/uploads\/2023\/07\/checkmark-circle-sharp-custom.svg\"><img loading=\"lazy\" decoding=\"async\" class=\"alignnone  wp-image-171\" src=\"http:\/\/maitreinspecteur.com\/wp-content\/uploads\/2023\/07\/checkmark-circle-sharp-custom.svg\" alt=\"\" width=\"19\" height=\"19\" data-wp-editing=\"1\" \/><\/a>\u00a0 <strong>DETAILED REPORTS<\/strong><\/p>\n\t\t\n<style>\n#text-2331798733 {\n  font-size: 1rem;\n}\n@media (min-width:550px) {\n  #text-2331798733 {\n    font-size: 0.75rem;\n  }\n}\n<\/style>\n\t<\/div>\n\t\n\n\t\t<\/div>\n\t\t\t\t\n<style>\n#col-573950599 > .col-inner {\n  margin: 0px 0px -28px 0px;\n}\n<\/style>\n\t<\/div>\n\n\t\n\n\t<div id=\"col-1518417540\" class=\"col medium-6 small-12 large-6\"  >\n\t\t\t\t<div class=\"col-inner\"  >\n\t\t\t\n\t\t\t\n\n\t<div id=\"text-1877545299\" class=\"text\">\n\t\t\n\n<p><a href=\"http:\/\/maitreinspecteur.com\/wp-content\/uploads\/2023\/07\/checkmark-circle-sharp-custom.svg\"><img loading=\"lazy\" decoding=\"async\" class=\"alignnone  wp-image-171\" src=\"http:\/\/maitreinspecteur.com\/wp-content\/uploads\/2023\/07\/checkmark-circle-sharp-custom.svg\" alt=\"\" width=\"19\" height=\"19\" data-wp-editing=\"1\" \/><\/a>\u00a0 <strong>SEASONED INSPECTORS<br \/><\/strong><\/p>\n<p><strong><a href=\"http:\/\/maitreinspecteur.com\/wp-content\/uploads\/2023\/07\/checkmark-circle-sharp-custom.svg\"><img loading=\"lazy\" decoding=\"async\" class=\"alignnone  wp-image-171\" src=\"http:\/\/maitreinspecteur.com\/wp-content\/uploads\/2023\/07\/checkmark-circle-sharp-custom.svg\" alt=\"\" width=\"19\" height=\"19\" data-wp-editing=\"1\" \/><\/a>\u00a0 MODERN INSPECTION TOOLS<\/strong><\/p>\n\t\t\n<style>\n#text-1877545299 {\n  font-size: 1rem;\n}\n@media (min-width:550px) {\n  #text-1877545299 {\n    font-size: 0.75rem;\n  }\n}\n<\/style>\n\t<\/div>\n\t\n\n\t\t<\/div>\n\t\t\t\t\t<\/div>\n\n\t\n\n<\/div>\n\t<div id=\"text-14479824\" class=\"text\">\n\t\t\n\n<p>Buying a home is one of the most significant investments you will make in your life. At Ma\u00eetre Inspecteur, we are dedicated to helping you make an informed and confident decision during this substantial purchase.<\/p>\n<p>For a seller, having a home inspection report is crucial in obtaining the best possible price for your property.<\/p>\n<p>Whether you&#8217;re in the pre-listing or pre-purchase phase, it&#8217;s vital to understand the condition of your property with a thorough home inspection report. Our seasoned inspectors will examine and pinpoint any concerns with the property&#8217;s:<\/p>\n<p><a href=\"http:\/\/maitreinspecteur.com\/wp-content\/uploads\/2023\/07\/checkmark-circle-sharp-custom.svg\"><img loading=\"lazy\" decoding=\"async\" class=\"alignnone  wp-image-171\" src=\"http:\/\/maitreinspecteur.com\/wp-content\/uploads\/2023\/07\/checkmark-circle-sharp-custom.svg\" alt=\"\" width=\"19\" height=\"19\" data-wp-editing=\"1\" \/><\/a>\u00a0Roof<br \/><a href=\"http:\/\/maitreinspecteur.com\/wp-content\/uploads\/2023\/07\/checkmark-circle-sharp-custom.svg\"><img loading=\"lazy\" decoding=\"async\" class=\"alignnone  wp-image-171\" src=\"http:\/\/maitreinspecteur.com\/wp-content\/uploads\/2023\/07\/checkmark-circle-sharp-custom.svg\" alt=\"\" width=\"19\" height=\"19\" data-wp-editing=\"1\" \/><\/a>\u00a0Exterior<br \/><a href=\"http:\/\/maitreinspecteur.com\/wp-content\/uploads\/2023\/07\/checkmark-circle-sharp-custom.svg\"><img loading=\"lazy\" decoding=\"async\" class=\"alignnone  wp-image-171\" src=\"http:\/\/maitreinspecteur.com\/wp-content\/uploads\/2023\/07\/checkmark-circle-sharp-custom.svg\" alt=\"\" width=\"19\" height=\"19\" data-wp-editing=\"1\" \/><\/a> Interior<br \/><a href=\"http:\/\/maitreinspecteur.com\/wp-content\/uploads\/2023\/07\/checkmark-circle-sharp-custom.svg\"><img loading=\"lazy\" decoding=\"async\" class=\"alignnone  wp-image-171\" src=\"http:\/\/maitreinspecteur.com\/wp-content\/uploads\/2023\/07\/checkmark-circle-sharp-custom.svg\" alt=\"\" width=\"19\" height=\"19\" data-wp-editing=\"1\" \/><\/a> Structure<br \/><a href=\"http:\/\/maitreinspecteur.com\/wp-content\/uploads\/2023\/07\/checkmark-circle-sharp-custom.svg\"><img loading=\"lazy\" decoding=\"async\" class=\"alignnone  wp-image-171\" src=\"http:\/\/maitreinspecteur.com\/wp-content\/uploads\/2023\/07\/checkmark-circle-sharp-custom.svg\" alt=\"\" width=\"19\" height=\"19\" data-wp-editing=\"1\" \/><\/a>\u00a0<span style=\"font-size: 14.4px;\">Heating<br \/><a href=\"http:\/\/maitreinspecteur.com\/wp-content\/uploads\/2023\/07\/checkmark-circle-sharp-custom.svg\"><img loading=\"lazy\" decoding=\"async\" class=\"alignnone  wp-image-171\" src=\"http:\/\/maitreinspecteur.com\/wp-content\/uploads\/2023\/07\/checkmark-circle-sharp-custom.svg\" alt=\"\" width=\"19\" height=\"19\" data-wp-editing=\"1\" \/><\/a>\u00a0<\/span>Cooling<br \/><a href=\"http:\/\/maitreinspecteur.com\/wp-content\/uploads\/2023\/07\/checkmark-circle-sharp-custom.svg\"><img loading=\"lazy\" decoding=\"async\" class=\"alignnone  wp-image-171\" src=\"http:\/\/maitreinspecteur.com\/wp-content\/uploads\/2023\/07\/checkmark-circle-sharp-custom.svg\" alt=\"\" width=\"19\" height=\"19\" data-wp-editing=\"1\" \/><\/a>\u00a0Ventilation<br \/><a href=\"http:\/\/maitreinspecteur.com\/wp-content\/uploads\/2023\/07\/checkmark-circle-sharp-custom.svg\"><img loading=\"lazy\" decoding=\"async\" class=\"alignnone  wp-image-171\" src=\"http:\/\/maitreinspecteur.com\/wp-content\/uploads\/2023\/07\/checkmark-circle-sharp-custom.svg\" alt=\"\" width=\"19\" height=\"19\" data-wp-editing=\"1\" \/><\/a> Electricity<br \/><a href=\"http:\/\/maitreinspecteur.com\/wp-content\/uploads\/2023\/07\/checkmark-circle-sharp-custom.svg\"><img loading=\"lazy\" decoding=\"async\" class=\"alignnone  wp-image-171\" src=\"http:\/\/maitreinspecteur.com\/wp-content\/uploads\/2023\/07\/checkmark-circle-sharp-custom.svg\" alt=\"\" width=\"19\" height=\"19\" data-wp-editing=\"1\" \/><\/a>\u00a0Plumbing<br \/><a href=\"http:\/\/maitreinspecteur.com\/wp-content\/uploads\/2023\/07\/checkmark-circle-sharp-custom.svg\"><img loading=\"lazy\" decoding=\"async\" class=\"alignnone  wp-image-171\" src=\"http:\/\/maitreinspecteur.com\/wp-content\/uploads\/2023\/07\/checkmark-circle-sharp-custom.svg\" alt=\"\" width=\"19\" height=\"19\" data-wp-editing=\"1\" \/><\/a>\u00a0Insulation<\/p>\n<p>For your total peace of mind we provide extra services, such as thermographic analysis to detect any water damage.<\/p>\n<h2>Why Choose Ma\u00eetre Inspecteur<\/h2>\n<h3><a href=\"http:\/\/maitreinspecteur.com\/wp-content\/uploads\/2023\/07\/checkmark-circle-sharp-custom.svg\"><img loading=\"lazy\" decoding=\"async\" class=\"alignnone  wp-image-171\" src=\"http:\/\/maitreinspecteur.com\/wp-content\/uploads\/2023\/07\/checkmark-circle-sharp-custom.svg\" alt=\"\" width=\"19\" height=\"19\" data-wp-editing=\"1\" \/><\/a> Detailed Inspection<\/h3>\n<p>Our certified inspectors offer a thorough home inspection that provides a clear view of the current state of the property. We meticulously inspect every aspect of the house, from the foundation to the roof, including the electrical system, plumbing, heating, air conditioning, insulation, and more.<\/p>\n<h3><a href=\"http:\/\/maitreinspecteur.com\/wp-content\/uploads\/2023\/07\/checkmark-circle-sharp-custom.svg\"><img loading=\"lazy\" decoding=\"async\" class=\"alignnone  wp-image-171\" src=\"http:\/\/maitreinspecteur.com\/wp-content\/uploads\/2023\/07\/checkmark-circle-sharp-custom.svg\" alt=\"\" width=\"19\" height=\"19\" data-wp-editing=\"1\" \/><\/a> Cutting-Edge Technologies<\/h3>\n<p>We use the latest technologies, including thermography and moisture testing, to detect problems that are not visible to the naked eye. This includes hidden water leaks, insulation issues, and electrical faults, which could cause significant problems in the future.<\/p>\n<h3><strong><a href=\"http:\/\/maitreinspecteur.com\/wp-content\/uploads\/2023\/07\/checkmark-circle-sharp-custom.svg\"><img loading=\"lazy\" decoding=\"async\" class=\"alignnone  wp-image-171\" src=\"http:\/\/maitreinspecteur.com\/wp-content\/uploads\/2023\/07\/checkmark-circle-sharp-custom.svg\" alt=\"\" width=\"19\" height=\"19\" data-wp-editing=\"1\" \/><\/a><\/strong>Quality Report<\/h3>\n<p>Following the home inspection, we will provide you with a detailed and easy-to-understand report, including photos and recommendations for maintenance and possible repairs. This report gives you the necessary information to effectively negotiate the purchase price, plan future repairs, and have complete knowledge of your future home.<\/p>\n<p>At Ma\u00eetre Inspecteur, we are committed to providing you with the highest quality home inspection service. We adhere to the strictest inspection standards, ensuring that you receive a comprehensive and accurate assessment of your future property.<\/p>\n<p>Whether it&#8217;s a single-family home, townhouse, condo, or income property, we have the expertise necessary to give you the peace of mind you need when purchasing a home.<\/p>\n\t\t\n<style>\n#text-14479824 {\n  font-size: 1.15rem;\n}\n<\/style>\n\t<\/div>\n\t\n\n\t\t<\/div>\n\t\t\t\t\t<\/div>\n\n\t\n\n\t<div id=\"col-125549801\" class=\"col medium-6 small-12 large-6\"  >\n\t\t<div class=\"is-sticky-column\"><div class=\"is-sticky-column__inner\">\t\t<div class=\"col-inner\" style=\"background-color:rgb(255,255,255);\" >\n\t\t\t\n\t\t\t\n\n\t<div id=\"text-2203063570\" class=\"text\">\n\t\t\n\n<h2>Get a Free Quote Today<\/h2>\n\n\t\t\n<style>\n#text-2203063570 {\n  font-size: 1.15rem;\n}\n<\/style>\n\t<\/div>\n\t\n\n\n<div class=\"pipedriveWebForms\" data-pd-webforms=\"https:\/\/webforms.pipedrive.com\/f\/ckzWKqh3bi96iAVu1We66NAVC8h227ArFCOJoRbh4OuvtTI3wIFdGGlEOGX30spfB9\"><script src=\"https:\/\/webforms.pipedrive.com\/f\/loader\"><\/script><\/div>\n\n\n\t\t<\/div>\n\t\t<\/div><\/div>\t\t\n<style>\n#col-125549801 > .is-sticky-column > .is-sticky-column__inner > .col-inner {\n  padding: 20px 15px 20px 15px;\n  border-radius: 32px;\n}\n<\/style>\n\t<\/div>\n\n\t\n\n<\/div>\n\n\t\t<\/div>\n\n\t\t\n<style>\n#section_986882874 {\n  padding-top: 30px;\n  padding-bottom: 30px;\n  background-color: rgb(247, 247, 247);\n}\n<\/style>\n\t<\/section>\n\t\n\t<section class=\"section\" id=\"section_1823238219\">\n\t\t<div class=\"bg section-bg fill bg-fill  bg-loaded\" >\n\n\t\t\t\n\t\t\t\n\t\t\t\n\n\t\t<\/div>\n\n\t\t\n\n\t\t<div class=\"section-content relative\">\n\t\t\t\n\n<div class=\"row\"  id=\"row-1180735251\">\n\n\n\t<div id=\"col-1948169701\" class=\"col small-12 large-12\"  >\n\t\t\t\t<div class=\"col-inner\"  >\n\t\t\t\n\t\t\t\n\n\t<div id=\"text-3862349576\" class=\"text\">\n\t\t\n\n<h3>WHAT OUR CUSTOMERS SAY ABOUT US<\/h3>\n\t\t\n<style>\n#text-3862349576 {\n  font-size: 0.75rem;\n  color: rgb(94, 94, 94);\n}\n#text-3862349576 > * {\n  color: rgb(94, 94, 94);\n}\n<\/style>\n\t<\/div>\n\t\n<h2>Testimonials<\/h2>\n\t<div id=\"gap-238694565\" class=\"gap-element clearfix\" style=\"display:block; height:auto;\">\n\t\t\n<style>\n#gap-238694565 {\n  padding-top: 30px;\n}\n<\/style>\n\t<\/div>\n\t\n\n<div class=\"row\"  id=\"row-911383494\">\n\n\n\t<div id=\"col-705287036\" class=\"col small-12 large-12\"  >\n\t\t\t\t<div class=\"col-inner\"  >\n\t\t\t\n\t\t\t\n\n<div class=\"row align-equal row-box-shadow-2 row-box-shadow-5-hover\"  id=\"row-24198397\">\n\n\n\t<div id=\"col-1527332971\" class=\"col medium-4 small-12 large-4\"  >\n\t\t\t\t<div class=\"col-inner\"  >\n\t\t\t\n\t\t\t\n\n  <div class=\"icon-box testimonial-box icon-box-center text-center\">\n                <div class=\"icon-box-img testimonial-image circle\" style=\"width: 121px\">\n                      <\/div>\n                <div class=\"icon-box-text p-last-0\">\n          <div class=\"star-rating\"><span style=\"width:100%\"><strong class=\"rating\"><\/strong><\/span><\/div>  \t\t\t\t<div class=\"testimonial-text line-height-small italic test_text first-reset last-reset is-italic\">\n            \n\n<p>I really liked the inspection, having already had some done a few times, Maitre Inspecteur&#8217;s is very precise, many thanks! <em>(Translated from French)<\/em><\/p>\n\n          <\/div>\n          <div class=\"testimonial-meta pt-half\">\n             <strong class=\"testimonial-name test_name\">Alexandre Theriault-Lachance<\/strong>\n             <span class=\"testimonial-name-divider\"> \/ <\/span>             <span class=\"testimonial-company test_company\">Private owner<\/span>\n          <\/div>\n        <\/div>\n  <\/div>\n\n  \n\n\t\t<\/div>\n\t\t\t\t\t<\/div>\n\n\t\n\n\t<div id=\"col-397903995\" class=\"col medium-4 small-12 large-4\"  >\n\t\t\t\t<div class=\"col-inner\"  >\n\t\t\t\n\t\t\t\n\n  <div class=\"icon-box testimonial-box icon-box-center text-center\">\n                <div class=\"icon-box-img testimonial-image circle\" style=\"width: 121px\">\n                      <\/div>\n                <div class=\"icon-box-text p-last-0\">\n          <div class=\"star-rating\"><span style=\"width:100%\"><strong class=\"rating\"><\/strong><\/span><\/div>  \t\t\t\t<div class=\"testimonial-text line-height-small italic test_text first-reset last-reset is-italic\">\n            \n\n<div class=\"group w-full text-gray-800 dark:text-gray-100 border-b border-black\/10 dark:border-gray-900\/50 bg-gray-50 dark:bg-&#091;#444654&#093;\">\n<div class=\"flex p-4 gap-4 text-base md:gap-6 md:max-w-2xl lg:max-w-&#091;38rem&#093; xl:max-w-3xl md:py-6 lg:px-0 m-auto\">\n<div class=\"relative flex w-&#091;calc(100%-50px)&#093; flex-col gap-1 md:gap-3 lg:w-&#091;calc(100%-115px)&#093;\">\n<div class=\"flex flex-grow flex-col gap-3\">\n<div class=\"min-h-&#091;20px&#093; flex items-start overflow-x-auto whitespace-pre-wrap break-words flex-col gap-4\">\n<div class=\"markdown prose w-full break-words dark:prose-invert light\">\n<p>Very professional and competent. His expertise is second to none. We have used the services of his team several times and they have never disappointed us. We recommend him to anyone who needs an inspection for their residential or commercial property. <em>(Translated from French)<\/em><\/p>\n<\/div>\n<\/div>\n<\/div>\n<\/div>\n<\/div>\n<\/div>\n\n          <\/div>\n          <div class=\"testimonial-meta pt-half\">\n             <strong class=\"testimonial-name test_name\">Ana Petcu<\/strong>\n             <span class=\"testimonial-name-divider\"> \/ <\/span>             <span class=\"testimonial-company test_company\">Commercial<\/span>\n          <\/div>\n        <\/div>\n  <\/div>\n\n  \n\n\t\t<\/div>\n\t\t\t\t\t<\/div>\n\n\t\n\n\t<div id=\"col-2142549564\" class=\"col medium-4 small-12 large-4\"  >\n\t\t\t\t<div class=\"col-inner\"  >\n\t\t\t\n\t\t\t\n\n  <div class=\"icon-box testimonial-box icon-box-center text-center\">\n                <div class=\"icon-box-img testimonial-image circle\" style=\"width: 121px\">\n                      <\/div>\n                <div class=\"icon-box-text p-last-0\">\n          <div class=\"star-rating\"><span style=\"width:100%\"><strong class=\"rating\"><\/strong><\/span><\/div>  \t\t\t\t<div class=\"testimonial-text line-height-small italic test_text first-reset last-reset is-italic\">\n            \n\n<div class=\"e-box h-p2 -stacked -radius-none\">\n<p class=\"t-body h-my1\">Excellent inspection company. We have used their services more than once. Emil is a very good popularizer of technical notions. Always ready to listen. No problems since 2020. <em>(Translated from French)<\/em><\/p>\n<\/div>\n\n          <\/div>\n          <div class=\"testimonial-meta pt-half\">\n             <strong class=\"testimonial-name test_name\">E B<\/strong>\n             <span class=\"testimonial-name-divider\"> \/ <\/span>             <span class=\"testimonial-company test_company\">Commercial<\/span>\n          <\/div>\n        <\/div>\n  <\/div>\n\n  \n\n\t\t<\/div>\n\t\t\t\t\t<\/div>\n\n\t\n\n\n<style>\n#row-24198397 > .col > .col-inner {\n  padding: 30px 30px 30px 30px;\n  background-color: rgb(255,255,255);\n}\n<\/style>\n<\/div>\n\n\t\t<\/div>\n\t\t\t\t\t<\/div>\n\n\t\n\n<\/div>\n\n\t\t<\/div>\n\t\t\t\t\n<style>\n#col-1948169701 > .col-inner {\n  margin: 0px 0px -30px 0px;\n}\n<\/style>\n\t<\/div>\n\n\t\n\n<\/div>\n\n\t\t<\/div>\n\n\t\t\n<style>\n#section_1823238219 {\n  padding-top: 30px;\n  padding-bottom: 30px;\n}\n<\/style>\n\t<\/section>\n\t\n\t<section class=\"section\" id=\"section_1063614253\">\n\t\t<div class=\"bg section-bg fill bg-fill  bg-loaded\" >\n\n\t\t\t\n\t\t\t\n\t\t\t\n\n\t\t<\/div>\n\n\t\t\n\n\t\t<div class=\"section-content relative\">\n\t\t\t\n\n<div class=\"row\"  id=\"row-1518348876\">\n\n\n\t<div id=\"col-750455499\" class=\"col small-12 large-12\"  >\n\t\t\t\t<div class=\"col-inner\"  >\n\t\t\t\n\t\t\t\n\n\t<div id=\"text-3618832732\" class=\"text\">\n\t\t\n\n<h3>Regions We Serve<\/h3>\n<p><strong>Greater Montreal Area: <\/strong>Plateau-Mont-Royal, Mile End, Outremont, Ville-Marie, Old Montreal, Griffintown, Quartier des Spectacles, Quartier Latin, Chinatown, Gay Village, C\u00f4te-des-Neiges (CDN), Notre-Dame-de-Gr\u00e2ce (NDG), Westmount, Little Burgundy, Saint-Henri, Verdun, Hochelaga-Maisonneuve, Rosemont-La Petite-Patrie, Villeray-Saint-Michel-Parc-Extension, Anjou, Saint-L\u00e9onard, Ahuntsic-Cartierville, Montr\u00e9al-Nord, Rivi\u00e8re-des-Prairies-Pointe-aux-Trembles, Mercier-Hochelaga-Maisonneuve, LaSalle, Lachine, Dorval, Pointe-Claire, Dollard-des-Ormeaux, Pierrefonds-Roxboro. <strong>North Shore and Laurentians:<\/strong> Laval, Terrebonne, Saint-J\u00e9r\u00f4me, Blainville, Mirabel, Saint-Eustache, Boisbriand, Sainte-Th\u00e9r\u00e8se, Val David, Saint Sauveur, Mont Tremblant. Lanaudi\u00e8re: Repentigny, Mascouche, L'Assomption, Joliette, Saint-Charles-Borrom\u00e9e, L'\u00c9piphanie. <strong>South Shore and Mont\u00e9r\u00e9gie:<\/strong> Longueuil, Brossard, Saint-Hubert, Saint-Jean-sur-Richelieu, Saint-Bruno-de-Montarville, Boucherville, Saint-Lambert, Ch\u00e2teauguay, La Prairie, Sainte-Julie, Granby. <strong>Mauricie:<\/strong> Trois-Rivi\u00e8res, Shawinigan, B\u00e9cancour, La Tuque, Louiseville. <strong>Capitale-Nationale:<\/strong> Quebec City and surrounding cities, Gatineau region, <strong>Eastern Townships:<\/strong> Sherbrooke and surrounding areas.<\/p>\n\t\t\n<style>\n#text-3618832732 {\n  font-size: 0.9rem;\n}\n@media (min-width:550px) {\n  #text-3618832732 {\n    font-size: 0.8rem;\n  }\n}\n<\/style>\n\t<\/div>\n\t\n\n\t\t<\/div>\n\t\t\t\t\n<style>\n#col-750455499 > .col-inner {\n  margin: 0px 0px -30px 0px;\n}\n<\/style>\n\t<\/div>\n\n\t\n\n<\/div>\n\n\t\t<\/div>\n\n\t\t\n<style>\n#section_1063614253 {\n  padding-top: 30px;\n  padding-bottom: 30px;\n  background-color: rgb(247, 247, 247);\n}\n<\/style>\n\t<\/section>\n\t\n\n\n","protected":false},"excerpt":{"rendered":"","protected":false},"author":1,"featured_media":0,"parent":0,"menu_order":0,"comment_status":"closed","ping_status":"closed","template":"page-transparent-header-light.php","meta":{"footnotes":""},"class_list":["post-618","page","type-page","status-publish","hentry"],"jetpack_sharing_enabled":true,"_links":{"self":[{"href":"https:\/\/maitreinspecteur.com\/en\/wp-json\/wp\/v2\/pages\/618","targetHints":{"allow":["GET"]}}],"collection":[{"href":"https:\/\/maitreinspecteur.com\/en\/wp-json\/wp\/v2\/pages"}],"about":[{"href":"https:\/\/maitreinspecteur.com\/en\/wp-json\/wp\/v2\/types\/page"}],"author":[{"embeddable":true,"href":"https:\/\/maitreinspecteur.com\/en\/wp-json\/wp\/v2\/users\/1"}],"replies":[{"embeddable":true,"href":"https:\/\/maitreinspecteur.com\/en\/wp-json\/wp\/v2\/comments?post=618"}],"version-history":[{"count":4,"href":"https:\/\/maitreinspecteur.com\/en\/wp-json\/wp\/v2\/pages\/618\/revisions"}],"predecessor-version":[{"id":1606,"href":"https:\/\/maitreinspecteur.com\/en\/wp-json\/wp\/v2\/pages\/618\/revisions\/1606"}],"wp:attachment":[{"href":"https:\/\/maitreinspecteur.com\/en\/wp-json\/wp\/v2\/media?parent=618"}],"curies":[{"name":"wp","href":"https:\/\/api.w.org\/{rel}","templated":true}]}}