{"id":623,"date":"2023-08-14T21:52:06","date_gmt":"2023-08-14T21:52:06","guid":{"rendered":"https:\/\/maitreinspecteur.com\/?page_id=623"},"modified":"2023-08-15T01:59:26","modified_gmt":"2023-08-15T01:59:26","slug":"thermographic-inspection","status":"publish","type":"page","link":"https:\/\/maitreinspecteur.com\/en\/thermographic-inspection\/","title":{"rendered":"Thermographic Inspection"},"content":{"rendered":"\n  <div id=\"page-header-1700048565\" class=\"page-header-wrapper\">\n  <div class=\"page-title dark divided-title has-parallax\">\n\n        <div class=\"page-title-bg\">\n      <div class=\"title-bg fill bg-fill\"\n        data-parallax-container=\".page-title\"\n        data-parallax-background\n        data-parallax=\"-\">\n      <\/div>\n      <div class=\"title-overlay fill\"><\/div>\n    <\/div>\n    \n    <div class=\"page-title-inner container align-center flex-row medium-flex-wrap\" data-parallax-fade=\"true\" data-parallax=\"-2\">\n              <div class=\"title-wrapper flex-col text-left medium-text-center\">\n          <h1 class=\"entry-title mb-0\">\n            Thermographic Inspection          <\/h1>\n        <\/div>\n                    <div class=\"title-content flex-col flex-right text-right medium-text-center\">\n        <div class=\"title-share pt-half pb-half\"><div class=\"social-icons share-icons share-row relative\" ><a href=\"https:\/\/www.facebook.com\/sharer.php?u=https:\/\/maitreinspecteur.com\/en\/thermographic-inspection\/\" data-label=\"Facebook\" onclick=\"window.open(this.href,this.title,'width=500,height=500,top=300px,left=300px'); return false;\" target=\"_blank\" class=\"icon plain tooltip facebook\" title=\"Share on Facebook\" aria-label=\"Share on Facebook\" rel=\"noopener nofollow\" ><i class=\"icon-facebook\" ><\/i><\/a><a href=\"mailto:?subject=Thermographic%20Inspection&#038;body=Check%20this%20out%3A%20https%3A%2F%2Fmaitreinspecteur.com%2Fen%2Fthermographic-inspection%2F\" class=\"icon plain tooltip email\" title=\"Email to a Friend\" aria-label=\"Email to a Friend\" rel=\"nofollow\" ><i class=\"icon-envelop\" ><\/i><\/a><a href=\"https:\/\/www.linkedin.com\/shareArticle?mini=true&#038;url=https:\/\/maitreinspecteur.com\/en\/thermographic-inspection\/&#038;title=Thermographic%20Inspection\" onclick=\"window.open(this.href,this.title,'width=500,height=500,top=300px,left=300px'); return false;\" target=\"_blank\" class=\"icon plain tooltip linkedin\" title=\"Share on LinkedIn\" aria-label=\"Share on LinkedIn\" rel=\"noopener nofollow\" ><i class=\"icon-linkedin\" ><\/i><\/a><\/div><\/div>      <\/div>\n    <\/div>\n\n     \n<style>\n#page-header-1700048565 .page-title-inner {\n  min-height: 160px;\n}\n#page-header-1700048565 .title-bg {\n  background-image: url(https:\/\/maitreinspecteur.com\/wp-content\/uploads\/2023\/07\/inspection-thermographique.jpg);\n  background-position: 0% 31%;\n}\n<\/style>\n  <\/div>\n  <div class=\"container header-wrapper-divider\"><hr\/><\/div>  <\/div>\n  \n\n\t<section class=\"section\" id=\"section_1629328200\">\n\t\t<div class=\"bg section-bg fill bg-fill  bg-loaded\" >\n\n\t\t\t\n\t\t\t\n\t\t\t\n\n\t\t<\/div>\n\n\t\t\n\n\t\t<div class=\"section-content relative\">\n\t\t\t\n\n<div class=\"row\"  id=\"row-95487825\">\n\n\n\t<div id=\"col-1778812415\" class=\"col medium-6 small-12 large-6\"  >\n\t\t\t\t<div class=\"col-inner\"  >\n\t\t\t\n\t\t\t\n\n\t<div id=\"text-1535701041\" class=\"text\">\n\t\t\n\n<h3>THERMOGRAPHY, TO SEE THE INVISIBLE<\/h3>\n\t\t\n<style>\n#text-1535701041 {\n  font-size: 1rem;\n  color: rgb(94, 94, 94);\n}\n#text-1535701041 > * {\n  color: rgb(94, 94, 94);\n}\n@media (min-width:550px) {\n  #text-1535701041 {\n    font-size: 0.75rem;\n  }\n}\n<\/style>\n\t<\/div>\n\t\n\t<div id=\"gap-62020036\" class=\"gap-element clearfix\" style=\"display:block; height:auto;\">\n\t\t\n<style>\n#gap-62020036 {\n  padding-top: 10px;\n}\n<\/style>\n\t<\/div>\n\t\n\n<div class=\"row\"  id=\"row-1013788585\">\n\n\n\t<div id=\"col-882494674\" class=\"col medium-6 small-12 large-6\"  >\n\t\t\t\t<div class=\"col-inner\"  >\n\t\t\t\n\t\t\t\n\n\t<div id=\"text-2215718845\" class=\"text\">\n\t\t\n\n<p><a href=\"http:\/\/maitreinspecteur.com\/wp-content\/uploads\/2023\/07\/checkmark-circle-sharp-custom.svg\"><img loading=\"lazy\" decoding=\"async\" class=\"alignnone  wp-image-171\" src=\"http:\/\/maitreinspecteur.com\/wp-content\/uploads\/2023\/07\/checkmark-circle-sharp-custom.svg\" alt=\"\" width=\"19\" height=\"19\" data-wp-editing=\"1\"><\/a> &nbsp;<strong>CERTIFIED INSPECTORS<\/strong><\/p>\n<p><a href=\"http:\/\/maitreinspecteur.com\/wp-content\/uploads\/2023\/07\/checkmark-circle-sharp-custom.svg\"><img loading=\"lazy\" decoding=\"async\" class=\"alignnone  wp-image-171\" src=\"http:\/\/maitreinspecteur.com\/wp-content\/uploads\/2023\/07\/checkmark-circle-sharp-custom.svg\" alt=\"\" width=\"19\" height=\"19\" data-wp-editing=\"1\"><\/a>&nbsp; <strong>DETAILED REPORTS<\/strong><\/p>\n\t\t\n<style>\n#text-2215718845 {\n  font-size: 1rem;\n}\n@media (min-width:550px) {\n  #text-2215718845 {\n    font-size: 0.75rem;\n  }\n}\n<\/style>\n\t<\/div>\n\t\n\n\t\t<\/div>\n\t\t\t\t\n<style>\n#col-882494674 > .col-inner {\n  margin: 0px 0px -28px 0px;\n}\n<\/style>\n\t<\/div>\n\n\t\n\n\t<div id=\"col-65144542\" class=\"col medium-6 small-12 large-6\"  >\n\t\t\t\t<div class=\"col-inner\"  >\n\t\t\t\n\t\t\t\n\n\t<div id=\"text-3394736325\" class=\"text\">\n\t\t\n\n<p><a href=\"http:\/\/maitreinspecteur.com\/wp-content\/uploads\/2023\/07\/checkmark-circle-sharp-custom.svg\"><img loading=\"lazy\" decoding=\"async\" class=\"alignnone  wp-image-171\" src=\"http:\/\/maitreinspecteur.com\/wp-content\/uploads\/2023\/07\/checkmark-circle-sharp-custom.svg\" alt=\"\" width=\"19\" height=\"19\" data-wp-editing=\"1\"><\/a>&nbsp; <strong>SEASONED INSPECTORS<br><\/strong><\/p>\n<p><strong><a href=\"http:\/\/maitreinspecteur.com\/wp-content\/uploads\/2023\/07\/checkmark-circle-sharp-custom.svg\"><img loading=\"lazy\" decoding=\"async\" class=\"alignnone  wp-image-171\" src=\"http:\/\/maitreinspecteur.com\/wp-content\/uploads\/2023\/07\/checkmark-circle-sharp-custom.svg\" alt=\"\" width=\"19\" height=\"19\" data-wp-editing=\"1\"><\/a>&nbsp; MODERN INSPECTION TOOLS<\/strong><\/p>\n\t\t\n<style>\n#text-3394736325 {\n  font-size: 1rem;\n}\n@media (min-width:550px) {\n  #text-3394736325 {\n    font-size: 0.75rem;\n  }\n}\n<\/style>\n\t<\/div>\n\t\n\n\t\t<\/div>\n\t\t\t\t\t<\/div>\n\n\t\n\n<\/div>\n\t<div id=\"text-2530485466\" class=\"text\">\n\t\t\n\n<p>Thermographic inspection, carried out with an infrared camera, is a powerful diagnostic tool for preventive maintenance, capable of detecting anomalies that are inaccessible to human vision. It is a non-intrusive and non-destructive method for examining both <a href=\"https:\/\/maitreinspecteur.com\/en\/home-inspection-services\/\">residential homes<\/a> and <a href=\"https:\/\/maitreinspecteur.com\/en\/commercial-industrial-building-inspection\/\">commercial buildings<\/a>.<\/p>\n<h2>Advantages of Thermography<\/h2>\n<p>This technique can identify thermal losses in walls and ceilings, air leaks at windows, thermal bridges, inconsistencies in insulation, as well as water infiltration problems at the level of roofs and the building envelope.<\/p>\n<p>Thermography also allows for detecting problems with mechanical equipment before they lead to a breakdown, as well as for monitoring live electrical installations, all without direct contact.<\/p>\n<p>Using an infrared camera eliminates the need to drill holes in walls or dismantle mechanical equipment to find the source of a problem.<\/p>\n<p>Thermographic inspection is carried out by a certified thermographer. After the inspection, the thermographer will provide a detailed report to the client, usually within 24 to 48 hours following the inspection.<\/p>\n\t\t\n<style>\n#text-2530485466 {\n  font-size: 1.15rem;\n}\n<\/style>\n\t<\/div>\n\t\n\n\t\t<\/div>\n\t\t\t\t\t<\/div>\n\n\t\n\n\t<div id=\"col-644550214\" class=\"col medium-6 small-12 large-6\"  >\n\t\t<div class=\"is-sticky-column\"><div class=\"is-sticky-column__inner\">\t\t<div class=\"col-inner\" style=\"background-color:rgb(255,255,255);\" >\n\t\t\t\n\t\t\t\n\n\t<div id=\"text-3874276458\" class=\"text\">\n\t\t\n\n<h2>Get a Free Quote Now<\/h2>\n<div class=\"forminator-ui forminator-custom-form forminator-custom-form-665 forminator-design--flat forminator-enclosed forminator_ajax\" data-forminator-render=\"0\" data-form=\"forminator-module-665\" data-uid=\"69f2b29c0f765\"><br\/><\/div><form\n\t\t\t\tid=\"forminator-module-665\"\n\t\t\t\tclass=\"forminator-ui forminator-custom-form forminator-custom-form-665 forminator-design--flat forminator-enclosed forminator_ajax\"\n\t\t\t\tmethod=\"post\"\n\t\t\t\tdata-forminator-render=\"0\"\n\t\t\t\tdata-form-id=\"665\"\n\t\t\t\t data-color-option=\"default\" data-design=\"flat\" data-grid=\"enclosed\" style=\"display: none;\"\n\t\t\t\tdata-uid=\"69f2b29c0f765\"\n\t\t\t><div role=\"alert\" aria-live=\"polite\" class=\"forminator-response-message forminator-error\" aria-hidden=\"true\"><\/div><div class=\"forminator-row\"><div id=\"select-2\" class=\"forminator-field-select forminator-col forminator-col-12 \"><div class=\"forminator-field\"><label for=\"forminator-form-665__field--select-2_69f2b29c0f765\" id=\"forminator-form-665__field--select-2_69f2b29c0f765-label\" class=\"forminator-label\">TYPE OF SERVICE <span class=\"forminator-required\">*<\/span><\/label><select  id=\"forminator-form-665__field--select-2_69f2b29c0f765\" class=\"forminator-select--field forminator-select2 forminator-select2-multiple\" data-required=\"1\" name=\"select-2\" data-default-value=\"\" data-hidden-behavior=\"zero\" data-placeholder=\"Select the required service\" data-search=\"false\" data-search-placeholder=\"Select the required service\" data-checkbox=\"false\" data-allow-clear=\"false\" aria-labelledby=\"forminator-form-665__field--select-2_69f2b29c0f765-label\"><option value=\"\"  >Select the required service<\/option><option value=\"one\"  data-calculation=\"0\">Pre-purchase inspection<\/option><option value=\"two\"  data-calculation=\"0\">Pre-sale inspection<\/option><option value=\"Prob\"  data-calculation=\"0\">Thermographic inspection<\/option><option value=\"Inspection-multilogement\"  data-calculation=\"0\">Drone inspection<\/option><option value=\"Inspection-b\u00e2timent-commercial\"  data-calculation=\"0\">Roof inspection<\/option><option value=\"Autre-service\"  data-calculation=\"0\">Water infiltration inspection<\/option><option value=\"Inspection-des-drains\"  data-calculation=\"0\">Drain inspection<\/option><option value=\"Inspection-des-syst\u00e8mes-HVAC\"  data-calculation=\"0\">HVAC systems inspection<\/option><option value=\"Bilan-de-sant\u00e9\"  data-calculation=\"0\">Property condition assessment<\/option><option value=\"Expertise\"  data-calculation=\"0\">Expertise<\/option><\/select><\/div><\/div><\/div><div class=\"forminator-row\"><div id=\"text-1\" class=\"forminator-field-text forminator-col forminator-col-12 \"><div class=\"forminator-field\"><label for=\"forminator-field-text-1_69f2b29c0f765\" id=\"forminator-field-text-1_69f2b29c0f765-label\" class=\"forminator-label\">PROPERTY ADDRESS <span class=\"forminator-required\">*<\/span><\/label><input type=\"text\" name=\"text-1\" value=\"\" placeholder=\"Enter address of the property to be inspected\" id=\"forminator-field-text-1_69f2b29c0f765\" class=\"forminator-input forminator-name--field\" data-required=\"1\" \/><\/div><\/div><\/div><div class=\"forminator-row\"><div id=\"name-1\" class=\"forminator-field-name forminator-col forminator-col-12 \"><div class=\"forminator-field\"><label for=\"forminator-field-name-1_69f2b29c0f765\" id=\"forminator-field-name-1_69f2b29c0f765-label\" class=\"forminator-label\">TO REACH YOU <span class=\"forminator-required\">*<\/span><\/label><input type=\"text\" name=\"name-1\" value=\"\" placeholder=\"What is your full name?\" id=\"forminator-field-name-1_69f2b29c0f765\" class=\"forminator-input forminator-name--field\" aria-required=\"true\" autocomplete=\"name\" \/><\/div><\/div><\/div><div class=\"forminator-row\"><div id=\"phone-1\" class=\"forminator-field-phone forminator-col forminator-col-12 \"><div class=\"forminator-field\"><input type=\"text\" name=\"phone-1\" value=\"\" placeholder=\"Phone number\" id=\"forminator-field-phone-1_69f2b29c0f765\" class=\"forminator-input forminator-field--phone\" data-required=\"1\" aria-required=\"true\" autocomplete=\"off\" \/><\/div><\/div><\/div><div class=\"forminator-row\"><div id=\"email-1\" class=\"forminator-field-email forminator-col forminator-col-12 \"><div class=\"forminator-field\"><input type=\"email\" name=\"email-1\" value=\"\" placeholder=\"Email address\" id=\"forminator-field-email-1_69f2b29c0f765\" class=\"forminator-input forminator-email--field\" data-required=\"1\" aria-required=\"true\" autocomplete=\"email\" \/><\/div><\/div><\/div><div class=\"forminator-row\"><div id=\"textarea-1\" class=\"forminator-field-textarea forminator-col forminator-col-12 \"><div class=\"forminator-field\"><label for=\"forminator-field-textarea-1_69f2b29c0f765\" id=\"forminator-field-textarea-1_69f2b29c0f765-label\" class=\"forminator-label\">QUESTIONS OR ADDITIONAL INFO<\/label><textarea name=\"textarea-1\" placeholder=\"Please indicate any additional questions or clarifications.\" id=\"forminator-field-textarea-1_69f2b29c0f765\" class=\"forminator-textarea\" rows=\"6\" style=\"--forminator-textarea-min-height:50px;\" ><\/textarea><\/div><\/div><\/div><input type=\"hidden\" name=\"referer_url\" value=\"\" \/><div class=\"forminator-row forminator-row-last\"><div class=\"forminator-col\"><div class=\"forminator-field\"><button class=\"forminator-button forminator-button-submit\">SEND<\/button><\/div><\/div><\/div><input type=\"hidden\" id=\"forminator_nonce\" name=\"forminator_nonce\" value=\"33d9bb6a8d\" \/><input type=\"hidden\" name=\"_wp_http_referer\" value=\"\/en\/wp-json\/wp\/v2\/pages\/623\" \/><input type=\"hidden\" name=\"form_id\" value=\"665\"><input type=\"hidden\" name=\"page_id\" value=\"623\"><input type=\"hidden\" name=\"form_type\" value=\"default\"><input type=\"hidden\" name=\"current_url\" value=\"https:\/\/maitreinspecteur.com\/en\/thermographic-inspection\/\"><input type=\"hidden\" name=\"render_id\" value=\"0\"><input type=\"hidden\" name=\"action\" value=\"forminator_submit_form_custom-forms\"><\/form><\/p>\n\t\t\n<style>\n#text-3874276458 {\n  font-size: 1.15rem;\n}\n<\/style>\n\t<\/div>\n\t\n\n\t\t<\/div>\n\t\t<\/div><\/div>\t\t\n<style>\n#col-644550214 > .is-sticky-column > .is-sticky-column__inner > .col-inner {\n  padding: 20px 15px 20px 15px;\n  border-radius: 32px;\n}\n<\/style>\n\t<\/div>\n\n\t\n\n<\/div>\n\n\t\t<\/div>\n\n\t\t\n<style>\n#section_1629328200 {\n  padding-top: 30px;\n  padding-bottom: 30px;\n  background-color: rgb(247, 247, 247);\n}\n<\/style>\n\t<\/section>\n\t\n\t<section class=\"section\" id=\"section_396567281\">\n\t\t<div class=\"bg section-bg fill bg-fill  bg-loaded\" >\n\n\t\t\t\n\t\t\t\n\t\t\t\n\n\t\t<\/div>\n\n\t\t\n\n\t\t<div class=\"section-content relative\">\n\t\t\t\n\n<div class=\"row\"  id=\"row-557991132\">\n\n\n\t<div id=\"col-426721325\" class=\"col small-12 large-12\"  >\n\t\t\t\t<div class=\"col-inner\"  >\n\t\t\t\n\t\t\t\n\n\t<div id=\"text-536725607\" class=\"text\">\n\t\t\n\n<h3>WHAT OUR CUSTOMERS SAY ABOUT US<\/h3>\n\t\t\n<style>\n#text-536725607 {\n  font-size: 0.75rem;\n  color: rgb(94, 94, 94);\n}\n#text-536725607 > * {\n  color: rgb(94, 94, 94);\n}\n<\/style>\n\t<\/div>\n\t\n<h2>Testimonials<\/h2>\n\t<div id=\"gap-1943649376\" class=\"gap-element clearfix\" style=\"display:block; height:auto;\">\n\t\t\n<style>\n#gap-1943649376 {\n  padding-top: 30px;\n}\n<\/style>\n\t<\/div>\n\t\n\n<div class=\"row\"  id=\"row-1371630445\">\n\n\n\t<div id=\"col-383648854\" class=\"col small-12 large-12\"  >\n\t\t\t\t<div class=\"col-inner\"  >\n\t\t\t\n\t\t\t\n\n<div class=\"row align-equal row-box-shadow-2 row-box-shadow-5-hover\"  id=\"row-2029729254\">\n\n\n\t<div id=\"col-513517721\" class=\"col medium-4 small-12 large-4\"  >\n\t\t\t\t<div class=\"col-inner\"  >\n\t\t\t\n\t\t\t\n\n  <div class=\"icon-box testimonial-box icon-box-center text-center\">\n                <div class=\"icon-box-img testimonial-image circle\" style=\"width: 121px\">\n                      <\/div>\n                <div class=\"icon-box-text p-last-0\">\n          <div class=\"star-rating\"><span style=\"width:100%\"><strong class=\"rating\"><\/strong><\/span><\/div>  \t\t\t\t<div class=\"testimonial-text line-height-small italic test_text first-reset last-reset is-italic\">\n            \n\n<p>I really liked the inspection, having already had some done a few times, Maitre Inspecteur&#8217;s is very precise, many thanks! <em>(Translated from French)<\/em><\/p>\n\n          <\/div>\n          <div class=\"testimonial-meta pt-half\">\n             <strong class=\"testimonial-name test_name\">Alexandre Theriault-Lachance<\/strong>\n             <span class=\"testimonial-name-divider\"> \/ <\/span>             <span class=\"testimonial-company test_company\">Private owner<\/span>\n          <\/div>\n        <\/div>\n  <\/div>\n\n  \n\n\t\t<\/div>\n\t\t\t\t\t<\/div>\n\n\t\n\n\t<div id=\"col-625227468\" class=\"col medium-4 small-12 large-4\"  >\n\t\t\t\t<div class=\"col-inner\"  >\n\t\t\t\n\t\t\t\n\n  <div class=\"icon-box testimonial-box icon-box-center text-center\">\n                <div class=\"icon-box-img testimonial-image circle\" style=\"width: 121px\">\n                      <\/div>\n                <div class=\"icon-box-text p-last-0\">\n          <div class=\"star-rating\"><span style=\"width:100%\"><strong class=\"rating\"><\/strong><\/span><\/div>  \t\t\t\t<div class=\"testimonial-text line-height-small italic test_text first-reset last-reset is-italic\">\n            \n\n<div class=\"group w-full text-gray-800 dark:text-gray-100 border-b border-black\/10 dark:border-gray-900\/50 bg-gray-50 dark:bg-&#091;#444654&#093;\">\n<div class=\"flex p-4 gap-4 text-base md:gap-6 md:max-w-2xl lg:max-w-&#091;38rem&#093; xl:max-w-3xl md:py-6 lg:px-0 m-auto\">\n<div class=\"relative flex w-&#091;calc(100%-50px)&#093; flex-col gap-1 md:gap-3 lg:w-&#091;calc(100%-115px)&#093;\">\n<div class=\"flex flex-grow flex-col gap-3\">\n<div class=\"min-h-&#091;20px&#093; flex items-start overflow-x-auto whitespace-pre-wrap break-words flex-col gap-4\">\n<div class=\"markdown prose w-full break-words dark:prose-invert light\">\n<p>Very professional and competent. His expertise is second to none. We have used the services of his team several times and they have never disappointed us. We recommend him to anyone who needs an inspection for their residential or commercial property. <em>(Translated from French)<\/em><\/p>\n<\/div>\n<\/div>\n<\/div>\n<\/div>\n<\/div>\n<\/div>\n\n          <\/div>\n          <div class=\"testimonial-meta pt-half\">\n             <strong class=\"testimonial-name test_name\">Ana Petcu<\/strong>\n             <span class=\"testimonial-name-divider\"> \/ <\/span>             <span class=\"testimonial-company test_company\">Commercial<\/span>\n          <\/div>\n        <\/div>\n  <\/div>\n\n  \n\n\t\t<\/div>\n\t\t\t\t\t<\/div>\n\n\t\n\n\t<div id=\"col-12497237\" class=\"col medium-4 small-12 large-4\"  >\n\t\t\t\t<div class=\"col-inner\"  >\n\t\t\t\n\t\t\t\n\n  <div class=\"icon-box testimonial-box icon-box-center text-center\">\n                <div class=\"icon-box-img testimonial-image circle\" style=\"width: 121px\">\n                      <\/div>\n                <div class=\"icon-box-text p-last-0\">\n          <div class=\"star-rating\"><span style=\"width:100%\"><strong class=\"rating\"><\/strong><\/span><\/div>  \t\t\t\t<div class=\"testimonial-text line-height-small italic test_text first-reset last-reset is-italic\">\n            \n\n<div class=\"e-box h-p2 -stacked -radius-none\">\n<p class=\"t-body h-my1\">Excellent inspection company. We have used their services more than once. Emil is a very good popularizer of technical notions. Always ready to listen. No problems since 2020. <em>(Translated from French)<\/em><\/p>\n<\/div>\n\n          <\/div>\n          <div class=\"testimonial-meta pt-half\">\n             <strong class=\"testimonial-name test_name\">E B<\/strong>\n             <span class=\"testimonial-name-divider\"> \/ <\/span>             <span class=\"testimonial-company test_company\">Commercial<\/span>\n          <\/div>\n        <\/div>\n  <\/div>\n\n  \n\n\t\t<\/div>\n\t\t\t\t\t<\/div>\n\n\t\n\n\n<style>\n#row-2029729254 > .col > .col-inner {\n  padding: 30px 30px 30px 30px;\n  background-color: rgb(255,255,255);\n}\n<\/style>\n<\/div>\n\n\t\t<\/div>\n\t\t\t\t\t<\/div>\n\n\t\n\n<\/div>\n\n\t\t<\/div>\n\t\t\t\t\n<style>\n#col-426721325 > .col-inner {\n  margin: 0px 0px -30px 0px;\n}\n<\/style>\n\t<\/div>\n\n\t\n\n<\/div>\n\n\t\t<\/div>\n\n\t\t\n<style>\n#section_396567281 {\n  padding-top: 30px;\n  padding-bottom: 30px;\n}\n<\/style>\n\t<\/section>\n\t\n\t<section class=\"section\" id=\"section_1346004848\">\n\t\t<div class=\"bg section-bg fill bg-fill  bg-loaded\" >\n\n\t\t\t\n\t\t\t\n\t\t\t\n\n\t\t<\/div>\n\n\t\t\n\n\t\t<div class=\"section-content relative\">\n\t\t\t\n\n<div class=\"row\"  id=\"row-296087721\">\n\n\n\t<div id=\"col-1839542783\" class=\"col small-12 large-12\"  >\n\t\t\t\t<div class=\"col-inner\"  >\n\t\t\t\n\t\t\t\n\n\t<div id=\"text-3496966348\" class=\"text\">\n\t\t\n\n<h3>Regions We Serve<\/h3>\n<p><strong>Greater Montreal Area: <\/strong>Plateau-Mont-Royal, Mile End, Outremont, Ville-Marie, Old Montreal, Griffintown, Quartier des Spectacles, Quartier Latin, Chinatown, Gay Village, C\u00f4te-des-Neiges (CDN), Notre-Dame-de-Gr\u00e2ce (NDG), Westmount, Little Burgundy, Saint-Henri, Verdun, Hochelaga-Maisonneuve, Rosemont-La Petite-Patrie, Villeray-Saint-Michel-Parc-Extension, Anjou, Saint-L\u00e9onard, Ahuntsic-Cartierville, Montr\u00e9al-Nord, Rivi\u00e8re-des-Prairies-Pointe-aux-Trembles, Mercier-Hochelaga-Maisonneuve, LaSalle, Lachine, Dorval, Pointe-Claire, Dollard-des-Ormeaux, Pierrefonds-Roxboro. <strong>North Shore and Laurentians:<\/strong> Laval, Terrebonne, Saint-J\u00e9r\u00f4me, Blainville, Mirabel, Saint-Eustache, Boisbriand, Sainte-Th\u00e9r\u00e8se, Val David, Saint Sauveur, Mont Tremblant. Lanaudi\u00e8re: Repentigny, Mascouche, L&#8217;Assomption, Joliette, Saint-Charles-Borrom\u00e9e, L&#8217;\u00c9piphanie. <strong>South Shore and Mont\u00e9r\u00e9gie:<\/strong> Longueuil, Brossard, Saint-Hubert, Saint-Jean-sur-Richelieu, Saint-Bruno-de-Montarville, Boucherville, Saint-Lambert, Ch\u00e2teauguay, La Prairie, Sainte-Julie, Granby. <strong>Mauricie:<\/strong> Trois-Rivi\u00e8res, Shawinigan, B\u00e9cancour, La Tuque, Louiseville. <strong>Capitale-Nationale:<\/strong> Quebec City and surrounding cities, Gatineau region, <strong>Eastern Townships:<\/strong> Sherbrooke and surrounding areas.<\/p>\n\t\t\n<style>\n#text-3496966348 {\n  font-size: 0.9rem;\n}\n@media (min-width:550px) {\n  #text-3496966348 {\n    font-size: 0.8rem;\n  }\n}\n<\/style>\n\t<\/div>\n\t\n\n\t\t<\/div>\n\t\t\t\t\n<style>\n#col-1839542783 > .col-inner {\n  margin: 0px 0px -30px 0px;\n}\n<\/style>\n\t<\/div>\n\n\t\n\n<\/div>\n\n\t\t<\/div>\n\n\t\t\n<style>\n#section_1346004848 {\n  padding-top: 30px;\n  padding-bottom: 30px;\n  background-color: rgb(247, 247, 247);\n}\n<\/style>\n\t<\/section>\n\t\n\n\n","protected":false},"excerpt":{"rendered":"","protected":false},"author":1,"featured_media":0,"parent":0,"menu_order":0,"comment_status":"closed","ping_status":"closed","template":"page-transparent-header-light.php","meta":{"footnotes":""},"class_list":["post-623","page","type-page","status-publish","hentry"],"jetpack_sharing_enabled":true,"_links":{"self":[{"href":"https:\/\/maitreinspecteur.com\/en\/wp-json\/wp\/v2\/pages\/623","targetHints":{"allow":["GET"]}}],"collection":[{"href":"https:\/\/maitreinspecteur.com\/en\/wp-json\/wp\/v2\/pages"}],"about":[{"href":"https:\/\/maitreinspecteur.com\/en\/wp-json\/wp\/v2\/types\/page"}],"author":[{"embeddable":true,"href":"https:\/\/maitreinspecteur.com\/en\/wp-json\/wp\/v2\/users\/1"}],"replies":[{"embeddable":true,"href":"https:\/\/maitreinspecteur.com\/en\/wp-json\/wp\/v2\/comments?post=623"}],"version-history":[{"count":5,"href":"https:\/\/maitreinspecteur.com\/en\/wp-json\/wp\/v2\/pages\/623\/revisions"}],"predecessor-version":[{"id":668,"href":"https:\/\/maitreinspecteur.com\/en\/wp-json\/wp\/v2\/pages\/623\/revisions\/668"}],"wp:attachment":[{"href":"https:\/\/maitreinspecteur.com\/en\/wp-json\/wp\/v2\/media?parent=623"}],"curies":[{"name":"wp","href":"https:\/\/api.w.org\/{rel}","templated":true}]}}