{"id":632,"date":"2023-08-14T22:19:54","date_gmt":"2023-08-14T22:19:54","guid":{"rendered":"https:\/\/maitreinspecteur.com\/?page_id=632"},"modified":"2025-05-25T08:51:07","modified_gmt":"2025-05-25T12:51:07","slug":"asset-management-plan-bill-16","status":"publish","type":"page","link":"https:\/\/maitreinspecteur.com\/en\/asset-management-plan-bill-16\/","title":{"rendered":"Asset Management Plan (Bill 16)"},"content":{"rendered":"\n  <div id=\"page-header-922849540\" class=\"page-header-wrapper\">\n  <div class=\"page-title dark divided-title has-parallax\">\n\n        <div class=\"page-title-bg\">\n      <div class=\"title-bg fill bg-fill\"\n        data-parallax-container=\".page-title\"\n        data-parallax-background\n        data-parallax=\"-\">\n      <\/div>\n      <div class=\"title-overlay fill\"><\/div>\n    <\/div>\n    \n    <div class=\"page-title-inner container align-center flex-row medium-flex-wrap\" data-parallax-fade=\"true\" data-parallax=\"-2\">\n              <div class=\"title-wrapper flex-col text-left medium-text-center\">\n          <h1 class=\"entry-title mb-0\">\n            Asset Management Plan (Bill 16)          <\/h1>\n        <\/div>\n                    <div class=\"title-content flex-col flex-right text-right medium-text-center\">\n        <div class=\"title-share pt-half pb-half\"><div class=\"social-icons share-icons share-row relative\" ><a href=\"https:\/\/www.facebook.com\/sharer.php?u=https:\/\/maitreinspecteur.com\/en\/asset-management-plan-bill-16\/\" data-label=\"Facebook\" onclick=\"window.open(this.href,this.title,'width=500,height=500,top=300px,left=300px'); return false;\" target=\"_blank\" class=\"icon plain tooltip facebook\" title=\"Share on Facebook\" aria-label=\"Share on Facebook\" rel=\"noopener nofollow\" ><i class=\"icon-facebook\" ><\/i><\/a><a href=\"mailto:?subject=Asset%20Management%20Plan%20%28Bill%2016%29&body=Check%20this%20out%3A%20https%3A%2F%2Fmaitreinspecteur.com%2Fen%2Fasset-management-plan-bill-16%2F\" class=\"icon plain tooltip email\" title=\"Email to a Friend\" aria-label=\"Email to a Friend\" rel=\"nofollow\" ><i class=\"icon-envelop\" ><\/i><\/a><a href=\"https:\/\/www.linkedin.com\/shareArticle?mini=true&url=https:\/\/maitreinspecteur.com\/en\/asset-management-plan-bill-16\/&title=Asset%20Management%20Plan%20%28Bill%2016%29\" onclick=\"window.open(this.href,this.title,'width=500,height=500,top=300px,left=300px'); return false;\" target=\"_blank\" class=\"icon plain tooltip linkedin\" title=\"Share on LinkedIn\" aria-label=\"Share on LinkedIn\" rel=\"noopener nofollow\" ><i class=\"icon-linkedin\" ><\/i><\/a><\/div><\/div>      <\/div>\n    <\/div>\n\n     \n<style>\n#page-header-922849540 .page-title-inner {\n  min-height: 160px;\n}\n#page-header-922849540 .title-bg {\n  background-image: url(https:\/\/maitreinspecteur.com\/wp-content\/uploads\/2023\/06\/Inspection-multilogements-Montreal.jpg);\n  background-position: 0% 68%;\n}\n#page-header-922849540 .title-overlay {\n  background-color: rgba(0, 0, 0, 0.529);\n}\n<\/style>\n  <\/div>\n  <div class=\"container header-wrapper-divider\"><hr\/><\/div>  <\/div>\n  \n\n\t<section class=\"section\" id=\"section_1551039948\">\n\t\t<div class=\"bg section-bg fill bg-fill  bg-loaded\" >\n\n\t\t\t\n\t\t\t\n\t\t\t\n\n\t\t<\/div>\n\n\t\t\n\n\t\t<div class=\"section-content relative\">\n\t\t\t\n\n<div class=\"row\"  id=\"row-1188845597\">\n\n\n\t<div id=\"col-275968932\" class=\"col medium-6 small-12 large-6\"  >\n\t\t\t\t<div class=\"col-inner\"  >\n\t\t\t\n\t\t\t\n\n\t<div id=\"text-1595517663\" class=\"text\">\n\t\t\n\n<h3 class=\"uppercase\">In real estate, foresight is not a luxury, it&#8217;s the law<\/h3>\n\t\t\n<style>\n#text-1595517663 {\n  font-size: 1rem;\n  color: rgb(94, 94, 94);\n}\n#text-1595517663 > * {\n  color: rgb(94, 94, 94);\n}\n@media (min-width:550px) {\n  #text-1595517663 {\n    font-size: 0.75rem;\n  }\n}\n<\/style>\n\t<\/div>\n\t\n\t<div id=\"gap-84905449\" class=\"gap-element clearfix\" style=\"display:block; height:auto;\">\n\t\t\n<style>\n#gap-84905449 {\n  padding-top: 10px;\n}\n<\/style>\n\t<\/div>\n\t\n\n<div class=\"row\"  id=\"row-2091930936\">\n\n\n\t<div id=\"col-1243075103\" class=\"col medium-6 small-12 large-6\"  >\n\t\t\t\t<div class=\"col-inner\"  >\n\t\t\t\n\t\t\t\n\n\t<div id=\"text-3891734148\" class=\"text\">\n\t\t\n\n<p><a href=\"http:\/\/maitreinspecteur.com\/wp-content\/uploads\/2023\/07\/checkmark-circle-sharp-custom.svg\"><img loading=\"lazy\" decoding=\"async\" class=\"alignnone  wp-image-171\" src=\"http:\/\/maitreinspecteur.com\/wp-content\/uploads\/2023\/07\/checkmark-circle-sharp-custom.svg\" alt=\"\" width=\"19\" height=\"19\" data-wp-editing=\"1\" \/><\/a> \u00a0<strong>CERTIFIED INSPECTORS<\/strong><\/p>\n<p><a href=\"http:\/\/maitreinspecteur.com\/wp-content\/uploads\/2023\/07\/checkmark-circle-sharp-custom.svg\"><img loading=\"lazy\" decoding=\"async\" class=\"alignnone  wp-image-171\" src=\"http:\/\/maitreinspecteur.com\/wp-content\/uploads\/2023\/07\/checkmark-circle-sharp-custom.svg\" alt=\"\" width=\"19\" height=\"19\" data-wp-editing=\"1\" \/><\/a>\u00a0 <strong>DETAILED REPORTS<\/strong><\/p>\n\t\t\n<style>\n#text-3891734148 {\n  font-size: 1rem;\n}\n@media (min-width:550px) {\n  #text-3891734148 {\n    font-size: 0.75rem;\n  }\n}\n<\/style>\n\t<\/div>\n\t\n\n\t\t<\/div>\n\t\t\t\t\n<style>\n#col-1243075103 > .col-inner {\n  margin: 0px 0px -28px 0px;\n}\n<\/style>\n\t<\/div>\n\n\t\n\n\t<div id=\"col-1058589796\" class=\"col medium-6 small-12 large-6\"  >\n\t\t\t\t<div class=\"col-inner\"  >\n\t\t\t\n\t\t\t\n\n\t<div id=\"text-4211364220\" class=\"text\">\n\t\t\n\n<p><a href=\"http:\/\/maitreinspecteur.com\/wp-content\/uploads\/2023\/07\/checkmark-circle-sharp-custom.svg\"><img loading=\"lazy\" decoding=\"async\" class=\"alignnone  wp-image-171\" src=\"http:\/\/maitreinspecteur.com\/wp-content\/uploads\/2023\/07\/checkmark-circle-sharp-custom.svg\" alt=\"\" width=\"19\" height=\"19\" data-wp-editing=\"1\" \/><\/a>\u00a0 <strong>SEASONED INSPECTORS<br \/><\/strong><\/p>\n<p><strong><a href=\"http:\/\/maitreinspecteur.com\/wp-content\/uploads\/2023\/07\/checkmark-circle-sharp-custom.svg\"><img loading=\"lazy\" decoding=\"async\" class=\"alignnone  wp-image-171\" src=\"http:\/\/maitreinspecteur.com\/wp-content\/uploads\/2023\/07\/checkmark-circle-sharp-custom.svg\" alt=\"\" width=\"19\" height=\"19\" data-wp-editing=\"1\" \/><\/a>\u00a0 MODERN INSPECTION TOOLS<\/strong><\/p>\n\t\t\n<style>\n#text-4211364220 {\n  font-size: 1rem;\n}\n@media (min-width:550px) {\n  #text-4211364220 {\n    font-size: 0.75rem;\n  }\n}\n<\/style>\n\t<\/div>\n\t\n\n\t\t<\/div>\n\t\t\t\t\t<\/div>\n\n\t\n\n<\/div>\n\t<div id=\"text-1383247608\" class=\"text\">\n\t\t\n\n<div class=\"group w-full text-gray-800 dark:text-gray-100 border-b border-black\/10 dark:border-gray-900\/50 bg-gray-50 dark:bg-&#091;#444654&#093;\">\n<div class=\"flex p-4 gap-4 text-base md:gap-6 md:max-w-2xl lg:max-w-&#091;38rem&#093; xl:max-w-3xl md:py-6 lg:px-0 m-auto\">\n<div class=\"relative flex w-&#091;calc(100%-50px)&#093; flex-col gap-1 md:gap-3 lg:w-&#091;calc(100%-115px)&#093;\">\n<div class=\"flex flex-grow flex-col gap-3\">\n<div class=\"min-h-&#091;20px&#093; flex items-start overflow-x-auto whitespace-pre-wrap break-words flex-col gap-4\">\n<div class=\"markdown prose w-full break-words dark:prose-invert light\">\n<p>The asset management plan is a tool that helps condominium managers organize tasks and maintenance budgets while establishing appropriate contributions to the reserve fund. Its goal is to ensure the smooth operation and sustainability of the building while respecting the legal responsibilities imposed on the association by law.<\/p>\n<p>The designation &#8220;asset management plan&#8221; includes the <a href=\"https:\/\/maitreinspecteur.com\/en\/contingency-fund-study\/\">contingency fund study<\/a>, <a href=\"https:\/\/maitreinspecteur.com\/en\/maintenance-logbook-bill-16\/\">maintenance logbook<\/a>, and <a href=\"https:\/\/maitreinspecteur.com\/en\/property-condition-report\/\">property condition report<\/a>.<\/p>\n<h2>Why the Asset Management Plan is Important<\/h2>\n<p>Also known as the &#8220;asset maintenance plan&#8221;, a well-designed and well-implemented asset management plan has multiple benefits:<\/p>\n<p><a href=\"http:\/\/maitreinspecteur.com\/wp-content\/uploads\/2023\/07\/checkmark-circle-sharp-custom.svg\"><img loading=\"lazy\" decoding=\"async\" class=\"alignnone  wp-image-171\" src=\"http:\/\/maitreinspecteur.com\/wp-content\/uploads\/2023\/07\/checkmark-circle-sharp-custom.svg\" alt=\"\" width=\"19\" height=\"19\" data-wp-editing=\"1\" \/><\/a> Helps preserve the value of the building, which is essential for owners considering selling or renting their properties.<\/p>\n<p><a href=\"http:\/\/maitreinspecteur.com\/wp-content\/uploads\/2023\/07\/checkmark-circle-sharp-custom.svg\"><img loading=\"lazy\" decoding=\"async\" class=\"alignnone  wp-image-171\" src=\"http:\/\/maitreinspecteur.com\/wp-content\/uploads\/2023\/07\/checkmark-circle-sharp-custom.svg\" alt=\"\" width=\"19\" height=\"19\" data-wp-editing=\"1\" \/><\/a> Ensures that the building remains in good condition and safe for its occupants.<\/p>\n<p><a href=\"http:\/\/maitreinspecteur.com\/wp-content\/uploads\/2023\/07\/checkmark-circle-sharp-custom.svg\"><img loading=\"lazy\" decoding=\"async\" class=\"alignnone  wp-image-171\" src=\"http:\/\/maitreinspecteur.com\/wp-content\/uploads\/2023\/07\/checkmark-circle-sharp-custom.svg\" alt=\"\" width=\"19\" height=\"19\" data-wp-editing=\"1\" \/><\/a> Allows planning and budgeting for long-term maintenance expenses, which facilitates the financial management of the condominium.<\/p>\n<h2>How is the Asset Management Plan for a Condominium Developed?<\/h2>\n<p>The creation of an asset maintenance plan begins with a comprehensive building inspection to assess its current condition. This inspection must be performed by a qualified professional who identifies existing and potential problems and proposes adequate solutions.<\/p>\n<p>Once the inspection is completed, the inspector produces the asset management plan &#8211; a detailed plan outlining the work to be carried out, their estimated cost, and the recommended schedule for completion. This condominium maintenance plan is then reviewed regularly to ensure that it remains up-to-date and relevant.<\/p>\n<h2>The Crucial Role of the Inspector<\/h2>\n<p>Developing an asset maintenance plan requires expertise and experience. The team at Ma\u00eetre Inspecteur holds over 25 years of experience and consists of qualified building inspectors. Thus, we have the technical knowledge required to assess the building&#8217;s condition and propose appropriate work.<\/p>\n<p>Moreover, we are excellent at explaining complex topics. This will help you understand and implement the plan, ensuring that your building is well-maintained and remains a secure value for years to come.<\/p>\n<h3>Why Trust Ma\u00eetre Inspecteur for the Development of Your Condominium&#8217;s Asset Management Plan<\/h3>\n<p><a href=\"http:\/\/maitreinspecteur.com\/wp-content\/uploads\/2023\/07\/checkmark-circle-sharp-custom.svg\"><img loading=\"lazy\" decoding=\"async\" class=\"alignnone  wp-image-171\" src=\"http:\/\/maitreinspecteur.com\/wp-content\/uploads\/2023\/07\/checkmark-circle-sharp-custom.svg\" alt=\"\" width=\"19\" height=\"19\" data-wp-editing=\"1\" \/><\/a> <strong>Unmatched Expertise:<\/strong> With Ma\u00eetre Inspecteur, you benefit from over 25 years of experience and unparalleled expertise in the field of inspection and building management. Our inspectors are highly qualified and experienced, allowing us to understand the peculiarities of your building and identify the best solutions for its maintenance.<\/p>\n<p><a href=\"http:\/\/maitreinspecteur.com\/wp-content\/uploads\/2023\/07\/checkmark-circle-sharp-custom.svg\"><img loading=\"lazy\" decoding=\"async\" class=\"alignnone  wp-image-171\" src=\"http:\/\/maitreinspecteur.com\/wp-content\/uploads\/2023\/07\/checkmark-circle-sharp-custom.svg\" alt=\"\" width=\"19\" height=\"19\" data-wp-editing=\"1\" \/><\/a> <strong>Custom Approach:<\/strong> We understand that every condominium is unique. That&#8217;s why we develop personalized asset maintenance plans that precisely meet your needs. We take into account the specifics of your building, its structure, and systems, as well as your goals and budget.<\/p>\n<p><a href=\"http:\/\/maitreinspecteur.com\/wp-content\/uploads\/2023\/07\/checkmark-circle-sharp-custom.svg\"><img loading=\"lazy\" decoding=\"async\" class=\"alignnone  wp-image-171\" src=\"http:\/\/maitreinspecteur.com\/wp-content\/uploads\/2023\/07\/checkmark-circle-sharp-custom.svg\" alt=\"\" width=\"19\" height=\"19\" data-wp-editing=\"1\" \/><\/a> <strong>Compliance with Legislation:<\/strong> Our services are designed to help you meet the legal obligations related to the management of your condominium, particularly concerning the asset management plan and the study of the reserve fund.<\/p>\n<p><a href=\"http:\/\/maitreinspecteur.com\/wp-content\/uploads\/2023\/07\/checkmark-circle-sharp-custom.svg\"><img loading=\"lazy\" decoding=\"async\" class=\"alignnone  wp-image-171\" src=\"http:\/\/maitreinspecteur.com\/wp-content\/uploads\/2023\/07\/checkmark-circle-sharp-custom.svg\" alt=\"\" width=\"19\" height=\"19\" data-wp-editing=\"1\" \/><\/a><strong> Transparency and Communication:<\/strong> With Ma\u00eetre Inspecteur, you will always be well-informed. We believe in clear and transparent communication. You will receive a detailed and easy-to-understand report, and we will always be available to answer your questions and clarify any unclear points.<\/p>\n<p><a href=\"http:\/\/maitreinspecteur.com\/wp-content\/uploads\/2023\/07\/checkmark-circle-sharp-custom.svg\"><img loading=\"lazy\" decoding=\"async\" class=\"alignnone  wp-image-171\" src=\"http:\/\/maitreinspecteur.com\/wp-content\/uploads\/2023\/07\/checkmark-circle-sharp-custom.svg\" alt=\"\" width=\"19\" height=\"19\" data-wp-editing=\"1\" \/><\/a><strong> Sustainability of Your Investment:<\/strong> Our goal is to help you preserve and increase the value of your condominium. A well-designed and well-managed asset maintenance plan is a long-term investment that ensures the sustainability of your building and the satisfaction of its occupants.<\/p>\n<p>Hiring Ma\u00eetre Inspecteur for the development of your condominium&#8217;s asset management plan means choosing excellence, professionalism, and peace of mind. Contact us today to learn more about our services and how we can assist you.<\/p>\n<\/div>\n<\/div>\n<\/div>\n<\/div>\n<\/div>\n<\/div>\n\t\t\n<style>\n#text-1383247608 {\n  font-size: 1.15rem;\n}\n<\/style>\n\t<\/div>\n\t\n\n\t\t<\/div>\n\t\t\t\t\t<\/div>\n\n\t\n\n\t<div id=\"col-739014288\" class=\"col medium-6 small-12 large-6\"  >\n\t\t<div class=\"is-sticky-column\"><div class=\"is-sticky-column__inner\">\t\t<div class=\"col-inner\" style=\"background-color:rgb(255,255,255);\" >\n\t\t\t\n\t\t\t\n\n\t<div id=\"text-262325404\" class=\"text\">\n\t\t\n\n<h2>Get a Free Quote Now<\/h2>\n<p>\u00a0<\/p>\n\t\t\n<style>\n#text-262325404 {\n  font-size: 1.15rem;\n}\n<\/style>\n\t<\/div>\n\t\n\n\n<div class=\"pipedriveWebForms\" data-pd-webforms=\"https:\/\/webforms.pipedrive.com\/f\/6k1fimmiC51K690hqrGJkNYhEDViHyIGYvLdF8vEnmdc4NZYk3vFaCtBNEHgSmRNtN\"><script src=\"https:\/\/webforms.pipedrive.com\/f\/loader\"><\/script><\/div>\n\n\n\n\t\t<\/div>\n\t\t<\/div><\/div>\t\t\n<style>\n#col-739014288 > .is-sticky-column > .is-sticky-column__inner > .col-inner {\n  padding: 20px 15px 20px 15px;\n  border-radius: 32px;\n}\n<\/style>\n\t<\/div>\n\n\t\n\n<\/div>\n\n\t\t<\/div>\n\n\t\t\n<style>\n#section_1551039948 {\n  padding-top: 30px;\n  padding-bottom: 30px;\n  background-color: rgb(247, 247, 247);\n}\n<\/style>\n\t<\/section>\n\t\n\t<section class=\"section\" id=\"section_2494443\">\n\t\t<div class=\"bg section-bg fill bg-fill  bg-loaded\" >\n\n\t\t\t\n\t\t\t\n\t\t\t\n\n\t\t<\/div>\n\n\t\t\n\n\t\t<div class=\"section-content relative\">\n\t\t\t\n\n<div class=\"row\"  id=\"row-1867155007\">\n\n\n\t<div id=\"col-474181881\" class=\"col small-12 large-12\"  >\n\t\t\t\t<div class=\"col-inner\"  >\n\t\t\t\n\t\t\t\n\n\t<div id=\"text-1272089218\" class=\"text\">\n\t\t\n\n<h3>WHAT OUR CUSTOMERS SAY ABOUT US<\/h3>\n\t\t\n<style>\n#text-1272089218 {\n  font-size: 0.75rem;\n  color: rgb(94, 94, 94);\n}\n#text-1272089218 > * {\n  color: rgb(94, 94, 94);\n}\n<\/style>\n\t<\/div>\n\t\n<h2>Testimonials<\/h2>\n\t<div id=\"gap-764303257\" class=\"gap-element clearfix\" style=\"display:block; height:auto;\">\n\t\t\n<style>\n#gap-764303257 {\n  padding-top: 30px;\n}\n<\/style>\n\t<\/div>\n\t\n\n<div class=\"row\"  id=\"row-287112455\">\n\n\n\t<div id=\"col-1160999133\" class=\"col small-12 large-12\"  >\n\t\t\t\t<div class=\"col-inner\"  >\n\t\t\t\n\t\t\t\n\n<div class=\"row align-equal row-box-shadow-2 row-box-shadow-5-hover\"  id=\"row-781987302\">\n\n\n\t<div id=\"col-89366256\" class=\"col medium-4 small-12 large-4\"  >\n\t\t\t\t<div class=\"col-inner\"  >\n\t\t\t\n\t\t\t\n\n  <div class=\"icon-box testimonial-box icon-box-center text-center\">\n                <div class=\"icon-box-img testimonial-image circle\" style=\"width: 121px\">\n                      <\/div>\n                <div class=\"icon-box-text p-last-0\">\n          <div class=\"star-rating\"><span style=\"width:100%\"><strong class=\"rating\"><\/strong><\/span><\/div>  \t\t\t\t<div class=\"testimonial-text line-height-small italic test_text first-reset last-reset is-italic\">\n            \n\n<p>I really liked the inspection, having already had some done a few times, Maitre Inspecteur&#8217;s is very precise, many thanks! <em>(Translated from French)<\/em><\/p>\n\n          <\/div>\n          <div class=\"testimonial-meta pt-half\">\n             <strong class=\"testimonial-name test_name\">Alexandre Theriault-Lachance<\/strong>\n             <span class=\"testimonial-name-divider\"> \/ <\/span>             <span class=\"testimonial-company test_company\">Private owner<\/span>\n          <\/div>\n        <\/div>\n  <\/div>\n\n  \n\n\t\t<\/div>\n\t\t\t\t\t<\/div>\n\n\t\n\n\t<div id=\"col-722057358\" class=\"col medium-4 small-12 large-4\"  >\n\t\t\t\t<div class=\"col-inner\"  >\n\t\t\t\n\t\t\t\n\n  <div class=\"icon-box testimonial-box icon-box-center text-center\">\n                <div class=\"icon-box-img testimonial-image circle\" style=\"width: 121px\">\n                      <\/div>\n                <div class=\"icon-box-text p-last-0\">\n          <div class=\"star-rating\"><span style=\"width:100%\"><strong class=\"rating\"><\/strong><\/span><\/div>  \t\t\t\t<div class=\"testimonial-text line-height-small italic test_text first-reset last-reset is-italic\">\n            \n\n<div class=\"group w-full text-gray-800 dark:text-gray-100 border-b border-black\/10 dark:border-gray-900\/50 bg-gray-50 dark:bg-&#091;#444654&#093;\">\n<div class=\"flex p-4 gap-4 text-base md:gap-6 md:max-w-2xl lg:max-w-&#091;38rem&#093; xl:max-w-3xl md:py-6 lg:px-0 m-auto\">\n<div class=\"relative flex w-&#091;calc(100%-50px)&#093; flex-col gap-1 md:gap-3 lg:w-&#091;calc(100%-115px)&#093;\">\n<div class=\"flex flex-grow flex-col gap-3\">\n<div class=\"min-h-&#091;20px&#093; flex items-start overflow-x-auto whitespace-pre-wrap break-words flex-col gap-4\">\n<div class=\"markdown prose w-full break-words dark:prose-invert light\">\n<p>Very professional and competent. His expertise is second to none. We have used the services of his team several times and they have never disappointed us. We recommend him to anyone who needs an inspection for their residential or commercial property. <em>(Translated from French)<\/em><\/p>\n<\/div>\n<\/div>\n<\/div>\n<\/div>\n<\/div>\n<\/div>\n\n          <\/div>\n          <div class=\"testimonial-meta pt-half\">\n             <strong class=\"testimonial-name test_name\">Ana Petcu<\/strong>\n             <span class=\"testimonial-name-divider\"> \/ <\/span>             <span class=\"testimonial-company test_company\">Commercial<\/span>\n          <\/div>\n        <\/div>\n  <\/div>\n\n  \n\n\t\t<\/div>\n\t\t\t\t\t<\/div>\n\n\t\n\n\t<div id=\"col-1162429151\" class=\"col medium-4 small-12 large-4\"  >\n\t\t\t\t<div class=\"col-inner\"  >\n\t\t\t\n\t\t\t\n\n  <div class=\"icon-box testimonial-box icon-box-center text-center\">\n                <div class=\"icon-box-img testimonial-image circle\" style=\"width: 121px\">\n                      <\/div>\n                <div class=\"icon-box-text p-last-0\">\n          <div class=\"star-rating\"><span style=\"width:100%\"><strong class=\"rating\"><\/strong><\/span><\/div>  \t\t\t\t<div class=\"testimonial-text line-height-small italic test_text first-reset last-reset is-italic\">\n            \n\n<div class=\"e-box h-p2 -stacked -radius-none\">\n<p class=\"t-body h-my1\">Excellent inspection company. We have used their services more than once. Emil is a very good popularizer of technical notions. Always ready to listen. No problems since 2020. <em>(Translated from French)<\/em><\/p>\n<\/div>\n\n          <\/div>\n          <div class=\"testimonial-meta pt-half\">\n             <strong class=\"testimonial-name test_name\">E B<\/strong>\n             <span class=\"testimonial-name-divider\"> \/ <\/span>             <span class=\"testimonial-company test_company\">Commercial<\/span>\n          <\/div>\n        <\/div>\n  <\/div>\n\n  \n\n\t\t<\/div>\n\t\t\t\t\t<\/div>\n\n\t\n\n\n<style>\n#row-781987302 > .col > .col-inner {\n  padding: 30px 30px 30px 30px;\n  background-color: rgb(255,255,255);\n}\n<\/style>\n<\/div>\n\n\t\t<\/div>\n\t\t\t\t\t<\/div>\n\n\t\n\n<\/div>\n\n\t\t<\/div>\n\t\t\t\t\n<style>\n#col-474181881 > .col-inner {\n  margin: 0px 0px -30px 0px;\n}\n<\/style>\n\t<\/div>\n\n\t\n\n<\/div>\n\n\t\t<\/div>\n\n\t\t\n<style>\n#section_2494443 {\n  padding-top: 30px;\n  padding-bottom: 30px;\n}\n<\/style>\n\t<\/section>\n\t\n\t<section class=\"section\" id=\"section_171227327\">\n\t\t<div class=\"bg section-bg fill bg-fill  bg-loaded\" >\n\n\t\t\t\n\t\t\t\n\t\t\t\n\n\t\t<\/div>\n\n\t\t\n\n\t\t<div class=\"section-content relative\">\n\t\t\t\n\n<div class=\"row\"  id=\"row-1336615688\">\n\n\n\t<div id=\"col-658476853\" class=\"col small-12 large-12\"  >\n\t\t\t\t<div class=\"col-inner\"  >\n\t\t\t\n\t\t\t\n\n\t<div id=\"text-3372785519\" class=\"text\">\n\t\t\n\n<h3>Regions We Serve<\/h3>\n<p><strong>Greater Montreal Area: <\/strong>Plateau-Mont-Royal, Mile End, Outremont, Ville-Marie, Old Montreal, Griffintown, Quartier des Spectacles, Quartier Latin, Chinatown, Gay Village, C\u00f4te-des-Neiges (CDN), Notre-Dame-de-Gr\u00e2ce (NDG), Westmount, Little Burgundy, Saint-Henri, Verdun, Hochelaga-Maisonneuve, Rosemont-La Petite-Patrie, Villeray-Saint-Michel-Parc-Extension, Anjou, Saint-L\u00e9onard, Ahuntsic-Cartierville, Montr\u00e9al-Nord, Rivi\u00e8re-des-Prairies-Pointe-aux-Trembles, Mercier-Hochelaga-Maisonneuve, LaSalle, Lachine, Dorval, Pointe-Claire, Dollard-des-Ormeaux, Pierrefonds-Roxboro. <strong>North Shore and Laurentians:<\/strong> Laval, Terrebonne, Saint-J\u00e9r\u00f4me, Blainville, Mirabel, Saint-Eustache, Boisbriand, Sainte-Th\u00e9r\u00e8se, Val David, Saint Sauveur, Mont Tremblant. Lanaudi\u00e8re: Repentigny, Mascouche, L'Assomption, Joliette, Saint-Charles-Borrom\u00e9e, L'\u00c9piphanie. <strong>South Shore and Mont\u00e9r\u00e9gie:<\/strong> Longueuil, Brossard, Saint-Hubert, Saint-Jean-sur-Richelieu, Saint-Bruno-de-Montarville, Boucherville, Saint-Lambert, Ch\u00e2teauguay, La Prairie, Sainte-Julie, Granby. <strong>Mauricie:<\/strong> Trois-Rivi\u00e8res, Shawinigan, B\u00e9cancour, La Tuque, Louiseville. <strong>Capitale-Nationale:<\/strong> Quebec City and surrounding cities, Gatineau region, <strong>Eastern Townships:<\/strong> Sherbrooke and surrounding areas.<\/p>\n\t\t\n<style>\n#text-3372785519 {\n  font-size: 0.9rem;\n}\n@media (min-width:550px) {\n  #text-3372785519 {\n    font-size: 0.8rem;\n  }\n}\n<\/style>\n\t<\/div>\n\t\n\n\t\t<\/div>\n\t\t\t\t\n<style>\n#col-658476853 > .col-inner {\n  margin: 0px 0px -30px 0px;\n}\n<\/style>\n\t<\/div>\n\n\t\n\n<\/div>\n\n\t\t<\/div>\n\n\t\t\n<style>\n#section_171227327 {\n  padding-top: 30px;\n  padding-bottom: 30px;\n  background-color: rgb(247, 247, 247);\n}\n<\/style>\n\t<\/section>\n\t\n\n\n","protected":false},"excerpt":{"rendered":"","protected":false},"author":1,"featured_media":0,"parent":0,"menu_order":0,"comment_status":"closed","ping_status":"closed","template":"page-transparent-header-light.php","meta":{"footnotes":""},"class_list":["post-632","page","type-page","status-publish","hentry"],"jetpack_sharing_enabled":true,"_links":{"self":[{"href":"https:\/\/maitreinspecteur.com\/en\/wp-json\/wp\/v2\/pages\/632","targetHints":{"allow":["GET"]}}],"collection":[{"href":"https:\/\/maitreinspecteur.com\/en\/wp-json\/wp\/v2\/pages"}],"about":[{"href":"https:\/\/maitreinspecteur.com\/en\/wp-json\/wp\/v2\/types\/page"}],"author":[{"embeddable":true,"href":"https:\/\/maitreinspecteur.com\/en\/wp-json\/wp\/v2\/users\/1"}],"replies":[{"embeddable":true,"href":"https:\/\/maitreinspecteur.com\/en\/wp-json\/wp\/v2\/comments?post=632"}],"version-history":[{"count":7,"href":"https:\/\/maitreinspecteur.com\/en\/wp-json\/wp\/v2\/pages\/632\/revisions"}],"predecessor-version":[{"id":1600,"href":"https:\/\/maitreinspecteur.com\/en\/wp-json\/wp\/v2\/pages\/632\/revisions\/1600"}],"wp:attachment":[{"href":"https:\/\/maitreinspecteur.com\/en\/wp-json\/wp\/v2\/media?parent=632"}],"curies":[{"name":"wp","href":"https:\/\/api.w.org\/{rel}","templated":true}]}}