{"id":635,"date":"2023-08-14T22:36:15","date_gmt":"2023-08-14T22:36:15","guid":{"rendered":"https:\/\/maitreinspecteur.com\/?page_id=635"},"modified":"2025-05-25T08:55:34","modified_gmt":"2025-05-25T12:55:34","slug":"building-condition-report-bill-16","status":"publish","type":"page","link":"https:\/\/maitreinspecteur.com\/en\/building-condition-report-bill-16\/","title":{"rendered":"Building Condition Report (Bill 16)"},"content":{"rendered":"\n  <div id=\"page-header-1703082674\" class=\"page-header-wrapper\">\n  <div class=\"page-title dark divided-title has-parallax\">\n\n        <div class=\"page-title-bg\">\n      <div class=\"title-bg fill bg-fill\"\n        data-parallax-container=\".page-title\"\n        data-parallax-background\n        data-parallax=\"-\">\n      <\/div>\n      <div class=\"title-overlay fill\"><\/div>\n    <\/div>\n    \n    <div class=\"page-title-inner container align-center flex-row medium-flex-wrap\" data-parallax-fade=\"true\" data-parallax=\"-2\">\n              <div class=\"title-wrapper flex-col text-left medium-text-center\">\n          <h1 class=\"entry-title mb-0\">\n            Building Condition Report (Bill 16)          <\/h1>\n        <\/div>\n                    <div class=\"title-content flex-col flex-right text-right medium-text-center\">\n        <div class=\"title-share pt-half pb-half\"><div class=\"social-icons share-icons share-row relative\" ><a href=\"https:\/\/www.facebook.com\/sharer.php?u=https:\/\/maitreinspecteur.com\/en\/building-condition-report-bill-16\/\" data-label=\"Facebook\" onclick=\"window.open(this.href,this.title,'width=500,height=500,top=300px,left=300px'); return false;\" target=\"_blank\" class=\"icon plain tooltip facebook\" title=\"Share on Facebook\" aria-label=\"Share on Facebook\" rel=\"noopener nofollow\" ><i class=\"icon-facebook\" ><\/i><\/a><a href=\"mailto:?subject=Building%20Condition%20Report%20%28Bill%2016%29&body=Check%20this%20out%3A%20https%3A%2F%2Fmaitreinspecteur.com%2Fen%2Fbuilding-condition-report-bill-16%2F\" class=\"icon plain tooltip email\" title=\"Email to a Friend\" aria-label=\"Email to a Friend\" rel=\"nofollow\" ><i class=\"icon-envelop\" ><\/i><\/a><a href=\"https:\/\/www.linkedin.com\/shareArticle?mini=true&url=https:\/\/maitreinspecteur.com\/en\/building-condition-report-bill-16\/&title=Building%20Condition%20Report%20%28Bill%2016%29\" onclick=\"window.open(this.href,this.title,'width=500,height=500,top=300px,left=300px'); return false;\" target=\"_blank\" class=\"icon plain tooltip linkedin\" title=\"Share on LinkedIn\" aria-label=\"Share on LinkedIn\" rel=\"noopener nofollow\" ><i class=\"icon-linkedin\" ><\/i><\/a><\/div><\/div>      <\/div>\n    <\/div>\n\n     \n<style>\n#page-header-1703082674 .page-title-inner {\n  min-height: 160px;\n}\n#page-header-1703082674 .title-bg {\n  background-image: 275;\n  background-position: 0% 0%;\n}\n#page-header-1703082674 .title-overlay {\n  background-color: rgba(0, 0, 0, 0.529);\n}\n<\/style>\n  <\/div>\n  <div class=\"container header-wrapper-divider\"><hr\/><\/div>  <\/div>\n  \n\n\t<section class=\"section\" id=\"section_879383408\">\n\t\t<div class=\"bg section-bg fill bg-fill  bg-loaded\" >\n\n\t\t\t\n\t\t\t\n\t\t\t\n\n\t\t<\/div>\n\n\t\t\n\n\t\t<div class=\"section-content relative\">\n\t\t\t\n\n<div class=\"row\"  id=\"row-929224015\">\n\n\n\t<div id=\"col-1877230390\" class=\"col medium-6 small-12 large-6\"  >\n\t\t\t\t<div class=\"col-inner\"  >\n\t\t\t\n\t\t\t\n\n\t<div id=\"text-967302224\" class=\"text\">\n\t\t\n\n<h3 class=\"uppercase\">MA\u00ceTRE INSPECTEUR =\u00a0EXPERTISE THAT LEAVES NO STONE UNTURNED<\/h3>\n\t\t\n<style>\n#text-967302224 {\n  font-size: 1rem;\n  color: rgb(94, 94, 94);\n}\n#text-967302224 > * {\n  color: rgb(94, 94, 94);\n}\n@media (min-width:550px) {\n  #text-967302224 {\n    font-size: 0.75rem;\n  }\n}\n<\/style>\n\t<\/div>\n\t\n\t<div id=\"gap-1869222963\" class=\"gap-element clearfix\" style=\"display:block; height:auto;\">\n\t\t\n<style>\n#gap-1869222963 {\n  padding-top: 10px;\n}\n<\/style>\n\t<\/div>\n\t\n\n<div class=\"row\"  id=\"row-1502965775\">\n\n\n\t<div id=\"col-2142521695\" class=\"col medium-6 small-12 large-6\"  >\n\t\t\t\t<div class=\"col-inner\"  >\n\t\t\t\n\t\t\t\n\n\t<div id=\"text-3610664097\" class=\"text\">\n\t\t\n\n<p><a href=\"http:\/\/maitreinspecteur.com\/wp-content\/uploads\/2023\/07\/checkmark-circle-sharp-custom.svg\"><img loading=\"lazy\" decoding=\"async\" class=\"alignnone  wp-image-171\" src=\"http:\/\/maitreinspecteur.com\/wp-content\/uploads\/2023\/07\/checkmark-circle-sharp-custom.svg\" alt=\"\" width=\"19\" height=\"19\" data-wp-editing=\"1\" \/><\/a> \u00a0<strong>CERTIFIED INSPECTORS<\/strong><\/p>\n<p><a href=\"http:\/\/maitreinspecteur.com\/wp-content\/uploads\/2023\/07\/checkmark-circle-sharp-custom.svg\"><img loading=\"lazy\" decoding=\"async\" class=\"alignnone  wp-image-171\" src=\"http:\/\/maitreinspecteur.com\/wp-content\/uploads\/2023\/07\/checkmark-circle-sharp-custom.svg\" alt=\"\" width=\"19\" height=\"19\" data-wp-editing=\"1\" \/><\/a>\u00a0 <strong>DETAILED REPORTS<\/strong><\/p>\n\t\t\n<style>\n#text-3610664097 {\n  font-size: 1rem;\n}\n@media (min-width:550px) {\n  #text-3610664097 {\n    font-size: 0.75rem;\n  }\n}\n<\/style>\n\t<\/div>\n\t\n\n\t\t<\/div>\n\t\t\t\t\n<style>\n#col-2142521695 > .col-inner {\n  margin: 0px 0px -28px 0px;\n}\n<\/style>\n\t<\/div>\n\n\t\n\n\t<div id=\"col-1718016886\" class=\"col medium-6 small-12 large-6\"  >\n\t\t\t\t<div class=\"col-inner\"  >\n\t\t\t\n\t\t\t\n\n\t<div id=\"text-2026025440\" class=\"text\">\n\t\t\n\n<p><a href=\"http:\/\/maitreinspecteur.com\/wp-content\/uploads\/2023\/07\/checkmark-circle-sharp-custom.svg\"><img loading=\"lazy\" decoding=\"async\" class=\"alignnone  wp-image-171\" src=\"http:\/\/maitreinspecteur.com\/wp-content\/uploads\/2023\/07\/checkmark-circle-sharp-custom.svg\" alt=\"\" width=\"19\" height=\"19\" data-wp-editing=\"1\" \/><\/a>\u00a0 <strong>SEASONED INSPECTORS<br \/><\/strong><\/p>\n<p><strong><a href=\"http:\/\/maitreinspecteur.com\/wp-content\/uploads\/2023\/07\/checkmark-circle-sharp-custom.svg\"><img loading=\"lazy\" decoding=\"async\" class=\"alignnone  wp-image-171\" src=\"http:\/\/maitreinspecteur.com\/wp-content\/uploads\/2023\/07\/checkmark-circle-sharp-custom.svg\" alt=\"\" width=\"19\" height=\"19\" data-wp-editing=\"1\" \/><\/a>\u00a0 MODERN INSPECTION TOOLS<\/strong><\/p>\n\t\t\n<style>\n#text-2026025440 {\n  font-size: 1rem;\n}\n@media (min-width:550px) {\n  #text-2026025440 {\n    font-size: 0.75rem;\n  }\n}\n<\/style>\n\t<\/div>\n\t\n\n\t\t<\/div>\n\t\t\t\t\t<\/div>\n\n\t\n\n<\/div>\n\t<div id=\"text-2873326087\" class=\"text\">\n\t\t\n\n<section class=\"av_textblock_section av-2rr7ag-0436b6502988f048282e0e1441d77549 \">\n<h2 class=\"avia_textblock \"><span style=\"font-size: 23.04px;\">What is Quebec&#8217;s Bill 16?<\/span><\/h2>\n<\/section>\n<p>Adopted in 2020, Bill 16, also known as the law on building management and insurance, aims to enhance the safety of Quebec&#8217;s buildings by ensuring proper maintenance and imposing regular inspections. It requires that every building of 5 stories or more have an up-to-date <a href=\"https:\/\/maitreinspecteur.com\/en\/maintenance-logbook-bill-16\/\">maintenance logbook<\/a> and a building condition report every 5 years.<\/p>\n<h2>Why is it important to get a building condition report?<\/h2>\n<p>The building condition report is necessary to maintain the safety of your building and to ensure that you are in compliance with the law. In addition to detecting structural problems, a well-made state-of-the-building report can help you plan upcoming work and estimate maintenance costs for the coming years.<\/p>\n<p>As its name suggests, the role of this report is to ensure an evaluation of the current condition of the common components of a co-ownership. This report is usually accompanied by a list of deficiencies, which can then be handed over to the builder to carry out the necessary corrective work.<\/p>\n<p>Our work as certified building inspectors is essentially to assess the condition of the systems and common areas of the property, both in terms of the exterior envelope (balconies, windows, walls, roofing, etc.) and apparent elements at the level of structures, electrical and mechanical equipment, as well as elevators, lifts, or moving staircases.<\/p>\n<h3>At the heart of our inspection process, our team follows these essential steps:<\/h3>\n<p><a style=\"font-size: 14.4px;\" href=\"http:\/\/maitreinspecteur.com\/wp-content\/uploads\/2023\/07\/checkmark-circle-sharp-custom.svg\"><img loading=\"lazy\" decoding=\"async\" class=\"alignnone  wp-image-171\" src=\"http:\/\/maitreinspecteur.com\/wp-content\/uploads\/2023\/07\/checkmark-circle-sharp-custom.svg\" alt=\"\" width=\"19\" height=\"19\" data-wp-editing=\"1\" \/><\/a> Interview with those responsible to review the building&#8217;s history and identify any particular problems.<br \/><a style=\"font-size: 14.4px;\" href=\"http:\/\/maitreinspecteur.com\/wp-content\/uploads\/2023\/07\/checkmark-circle-sharp-custom.svg\"><img loading=\"lazy\" decoding=\"async\" class=\"alignnone  wp-image-171\" src=\"http:\/\/maitreinspecteur.com\/wp-content\/uploads\/2023\/07\/checkmark-circle-sharp-custom.svg\" alt=\"\" width=\"19\" height=\"19\" data-wp-editing=\"1\" \/><\/a> Careful analysis of the plans and specifications to better understand the structure and specifications of the building.<br \/><a style=\"font-size: 14.4px;\" href=\"http:\/\/maitreinspecteur.com\/wp-content\/uploads\/2023\/07\/checkmark-circle-sharp-custom.svg\"><img loading=\"lazy\" decoding=\"async\" class=\"alignnone  wp-image-171\" src=\"http:\/\/maitreinspecteur.com\/wp-content\/uploads\/2023\/07\/checkmark-circle-sharp-custom.svg\" alt=\"\" width=\"19\" height=\"19\" data-wp-editing=\"1\" \/><\/a> Inspection of the building&#8217;s envelope, including fenestration, foundation, roofing, exterior cladding, balconies, and other elements.<br \/><a style=\"font-size: 14.4px;\" href=\"http:\/\/maitreinspecteur.com\/wp-content\/uploads\/2023\/07\/checkmark-circle-sharp-custom.svg\"><img loading=\"lazy\" decoding=\"async\" class=\"alignnone  wp-image-171\" src=\"http:\/\/maitreinspecteur.com\/wp-content\/uploads\/2023\/07\/checkmark-circle-sharp-custom.svg\" alt=\"\" width=\"19\" height=\"19\" data-wp-editing=\"1\" \/><\/a> Visual assessment of the common areas of the building to detect any degradation or potential wear.<br \/><a style=\"font-size: 14.4px;\" href=\"http:\/\/maitreinspecteur.com\/wp-content\/uploads\/2023\/07\/checkmark-circle-sharp-custom.svg\"><img loading=\"lazy\" decoding=\"async\" class=\"alignnone  wp-image-171\" src=\"http:\/\/maitreinspecteur.com\/wp-content\/uploads\/2023\/07\/checkmark-circle-sharp-custom.svg\" alt=\"\" width=\"19\" height=\"19\" data-wp-editing=\"1\" \/><\/a> Visual inspection of mechanical and electrical equipment to ensure their proper functioning.<br \/><a style=\"font-size: 14.4px;\" href=\"http:\/\/maitreinspecteur.com\/wp-content\/uploads\/2023\/07\/checkmark-circle-sharp-custom.svg\"><img loading=\"lazy\" decoding=\"async\" class=\"alignnone  wp-image-171\" src=\"http:\/\/maitreinspecteur.com\/wp-content\/uploads\/2023\/07\/checkmark-circle-sharp-custom.svg\" alt=\"\" width=\"19\" height=\"19\" data-wp-editing=\"1\" \/><\/a> Visual inspection of fire safety systems to guarantee the safety of all occupants.<br \/><a style=\"font-size: 14.4px;\" href=\"http:\/\/maitreinspecteur.com\/wp-content\/uploads\/2023\/07\/checkmark-circle-sharp-custom.svg\"><img loading=\"lazy\" decoding=\"async\" class=\"alignnone  wp-image-171\" src=\"http:\/\/maitreinspecteur.com\/wp-content\/uploads\/2023\/07\/checkmark-circle-sharp-custom.svg\" alt=\"\" width=\"19\" height=\"19\" data-wp-editing=\"1\" \/><\/a> Detailed inspection of elevators, lifts, moving stairs, and platforms for disabled persons to ensure compliance with safety standards.<br \/><a style=\"font-size: 14.4px;\" href=\"http:\/\/maitreinspecteur.com\/wp-content\/uploads\/2023\/07\/checkmark-circle-sharp-custom.svg\"><img loading=\"lazy\" decoding=\"async\" class=\"alignnone  wp-image-171\" src=\"http:\/\/maitreinspecteur.com\/wp-content\/uploads\/2023\/07\/checkmark-circle-sharp-custom.svg\" alt=\"\" width=\"19\" height=\"19\" data-wp-editing=\"1\" \/><\/a> Visual assessment of exterior and interior layouts to identify any maintenance or safety issues.<br \/><a style=\"font-size: 14.4px;\" href=\"http:\/\/maitreinspecteur.com\/wp-content\/uploads\/2023\/07\/checkmark-circle-sharp-custom.svg\"><img loading=\"lazy\" decoding=\"async\" class=\"alignnone  wp-image-171\" src=\"http:\/\/maitreinspecteur.com\/wp-content\/uploads\/2023\/07\/checkmark-circle-sharp-custom.svg\" alt=\"\" width=\"19\" height=\"19\" data-wp-editing=\"1\" \/><\/a> In-depth analysis of all observations made to prepare a comprehensive inspection report.<br \/><a style=\"font-size: 14.4px;\" href=\"http:\/\/maitreinspecteur.com\/wp-content\/uploads\/2023\/07\/checkmark-circle-sharp-custom.svg\"><img loading=\"lazy\" decoding=\"async\" class=\"alignnone  wp-image-171\" src=\"http:\/\/maitreinspecteur.com\/wp-content\/uploads\/2023\/07\/checkmark-circle-sharp-custom.svg\" alt=\"\" width=\"19\" height=\"19\" data-wp-editing=\"1\" \/><\/a> Personalized presentation of the report to our client, with insightful recommendations for optimal building management.<\/p>\n<p>At Ma\u00eetre Inspecteur, the inspection of your building is much more than a mere formality. We are committed to providing quality inspection service, delivering a clear and comprehensive report to provide you with absolute peace of mind regarding the health and safety of your property.<\/p>\n<h2>Why choose Ma\u00eetre Inspecteur to conduct your state-of-the-building report?<\/h2>\n<p>With over 25 years of experience, our team of professionals has the expertise and skills necessary to provide a complete and accurate state-of-the-building report. We strictly adhere to the requirements of Bill 16 and are committed to providing quality, fast, and reliable service.<\/p>\n<p>Here are some advantages we offer:<\/p>\n<p><a style=\"font-size: 14.4px;\" href=\"http:\/\/maitreinspecteur.com\/wp-content\/uploads\/2023\/07\/checkmark-circle-sharp-custom.svg\"><img loading=\"lazy\" decoding=\"async\" class=\"alignnone  wp-image-171\" src=\"http:\/\/maitreinspecteur.com\/wp-content\/uploads\/2023\/07\/checkmark-circle-sharp-custom.svg\" alt=\"\" width=\"19\" height=\"19\" data-wp-editing=\"1\" \/><\/a>\u00a0A thorough inspection of your building by qualified professionals.<br \/><a style=\"font-size: 14.4px;\" href=\"http:\/\/maitreinspecteur.com\/wp-content\/uploads\/2023\/07\/checkmark-circle-sharp-custom.svg\"><img loading=\"lazy\" decoding=\"async\" class=\"alignnone  wp-image-171\" src=\"http:\/\/maitreinspecteur.com\/wp-content\/uploads\/2023\/07\/checkmark-circle-sharp-custom.svg\" alt=\"\" width=\"19\" height=\"19\" data-wp-editing=\"1\" \/><\/a>\u00a0A detailed and easy-to-understand state-of-the-building report.<br \/><a style=\"font-size: 14.4px;\" href=\"http:\/\/maitreinspecteur.com\/wp-content\/uploads\/2023\/07\/checkmark-circle-sharp-custom.svg\"><img loading=\"lazy\" decoding=\"async\" class=\"alignnone  wp-image-171\" src=\"http:\/\/maitreinspecteur.com\/wp-content\/uploads\/2023\/07\/checkmark-circle-sharp-custom.svg\" alt=\"\" width=\"19\" height=\"19\" data-wp-editing=\"1\" \/><\/a> An accurate estimate of repair and maintenance costs for the years to come.<br \/><a style=\"font-size: 14.4px;\" href=\"http:\/\/maitreinspecteur.com\/wp-content\/uploads\/2023\/07\/checkmark-circle-sharp-custom.svg\"><img loading=\"lazy\" decoding=\"async\" class=\"alignnone  wp-image-171\" src=\"http:\/\/maitreinspecteur.com\/wp-content\/uploads\/2023\/07\/checkmark-circle-sharp-custom.svg\" alt=\"\" width=\"19\" height=\"19\" data-wp-editing=\"1\" \/><\/a> After-sales service to answer your questions and help you understand the report.<\/p>\n<h2>Ready to ensure the safety of your building?<\/h2>\n<p>Contact us now to discuss your needs and schedule an inspection. Ensure compliance with your building and sleep soundly knowing you have taken the necessary measures for everyone&#8217;s safety.<\/p>\n\t\t\n<style>\n#text-2873326087 {\n  font-size: 1.15rem;\n}\n<\/style>\n\t<\/div>\n\t\n\n\t\t<\/div>\n\t\t\t\t\t<\/div>\n\n\t\n\n\t<div id=\"col-135335279\" class=\"col medium-6 small-12 large-6\"  >\n\t\t<div class=\"is-sticky-column\"><div class=\"is-sticky-column__inner\">\t\t<div class=\"col-inner\" style=\"background-color:rgb(255,255,255);\" >\n\t\t\t\n\t\t\t\n\n\t<div id=\"text-2521859836\" class=\"text\">\n\t\t\n\n<h2><strong>Get a Free Quote Today<\/strong><\/h2>\n<p>To schedule an inspection or get a quote, simply fill in the form below and a member of our team will contact you as soon as possible.<\/p>\n\t\t\n<style>\n#text-2521859836 {\n  font-size: 1.15rem;\n}\n<\/style>\n\t<\/div>\n\t\n\n\n<div class=\"pipedriveWebForms\" data-pd-webforms=\"https:\/\/webforms.pipedrive.com\/f\/6k1fimmiC51K690hqrGJkNYhEDViHyIGYvLdF8vEnmdc4NZYk3vFaCtBNEHgSmRNtN\"><script src=\"https:\/\/webforms.pipedrive.com\/f\/loader\"><\/script><\/div>\n\n\n\t\t<\/div>\n\t\t<\/div><\/div>\t\t\n<style>\n#col-135335279 > .is-sticky-column > .is-sticky-column__inner > .col-inner {\n  padding: 20px 15px 20px 15px;\n  border-radius: 32px;\n}\n<\/style>\n\t<\/div>\n\n\t\n\n<\/div>\n\n\t\t<\/div>\n\n\t\t\n<style>\n#section_879383408 {\n  padding-top: 30px;\n  padding-bottom: 30px;\n  background-color: rgb(247, 247, 247);\n}\n<\/style>\n\t<\/section>\n\t\n\t<section class=\"section\" id=\"section_2045059508\">\n\t\t<div class=\"bg section-bg fill bg-fill  bg-loaded\" >\n\n\t\t\t\n\t\t\t\n\t\t\t\n\n\t\t<\/div>\n\n\t\t\n\n\t\t<div class=\"section-content relative\">\n\t\t\t\n\n<div class=\"row\"  id=\"row-1126626810\">\n\n\n\t<div id=\"col-1039497691\" class=\"col small-12 large-12\"  >\n\t\t\t\t<div class=\"col-inner\"  >\n\t\t\t\n\t\t\t\n\n\t<div id=\"text-5714378\" class=\"text\">\n\t\t\n\n<h3>WHAT OUR CUSTOMERS SAY ABOUT US<\/h3>\n\t\t\n<style>\n#text-5714378 {\n  font-size: 0.75rem;\n  color: rgb(94, 94, 94);\n}\n#text-5714378 > * {\n  color: rgb(94, 94, 94);\n}\n<\/style>\n\t<\/div>\n\t\n<h2>Testimonials<\/h2>\n\t<div id=\"gap-79266316\" class=\"gap-element clearfix\" style=\"display:block; height:auto;\">\n\t\t\n<style>\n#gap-79266316 {\n  padding-top: 30px;\n}\n<\/style>\n\t<\/div>\n\t\n\n<div class=\"row\"  id=\"row-1061850190\">\n\n\n\t<div id=\"col-647763336\" class=\"col small-12 large-12\"  >\n\t\t\t\t<div class=\"col-inner\"  >\n\t\t\t\n\t\t\t\n\n<div class=\"row align-equal row-box-shadow-2 row-box-shadow-5-hover\"  id=\"row-388630658\">\n\n\n\t<div id=\"col-2115093802\" class=\"col medium-4 small-12 large-4\"  >\n\t\t\t\t<div class=\"col-inner\"  >\n\t\t\t\n\t\t\t\n\n  <div class=\"icon-box testimonial-box icon-box-center text-center\">\n                <div class=\"icon-box-img testimonial-image circle\" style=\"width: 121px\">\n                      <\/div>\n                <div class=\"icon-box-text p-last-0\">\n          <div class=\"star-rating\"><span style=\"width:100%\"><strong class=\"rating\"><\/strong><\/span><\/div>  \t\t\t\t<div class=\"testimonial-text line-height-small italic test_text first-reset last-reset is-italic\">\n            \n\n<p>I really liked the inspection, having already had some done a few times, Maitre Inspecteur&#8217;s is very precise, many thanks! <em>(Translated from French)<\/em><\/p>\n\n          <\/div>\n          <div class=\"testimonial-meta pt-half\">\n             <strong class=\"testimonial-name test_name\">Alexandre Theriault-Lachance<\/strong>\n             <span class=\"testimonial-name-divider\"> \/ <\/span>             <span class=\"testimonial-company test_company\">Private owner<\/span>\n          <\/div>\n        <\/div>\n  <\/div>\n\n  \n\n\t\t<\/div>\n\t\t\t\t\t<\/div>\n\n\t\n\n\t<div id=\"col-1528554467\" class=\"col medium-4 small-12 large-4\"  >\n\t\t\t\t<div class=\"col-inner\"  >\n\t\t\t\n\t\t\t\n\n  <div class=\"icon-box testimonial-box icon-box-center text-center\">\n                <div class=\"icon-box-img testimonial-image circle\" style=\"width: 121px\">\n                      <\/div>\n                <div class=\"icon-box-text p-last-0\">\n          <div class=\"star-rating\"><span style=\"width:100%\"><strong class=\"rating\"><\/strong><\/span><\/div>  \t\t\t\t<div class=\"testimonial-text line-height-small italic test_text first-reset last-reset is-italic\">\n            \n\n<div class=\"group w-full text-gray-800 dark:text-gray-100 border-b border-black\/10 dark:border-gray-900\/50 bg-gray-50 dark:bg-&#091;#444654&#093;\">\n<div class=\"flex p-4 gap-4 text-base md:gap-6 md:max-w-2xl lg:max-w-&#091;38rem&#093; xl:max-w-3xl md:py-6 lg:px-0 m-auto\">\n<div class=\"relative flex w-&#091;calc(100%-50px)&#093; flex-col gap-1 md:gap-3 lg:w-&#091;calc(100%-115px)&#093;\">\n<div class=\"flex flex-grow flex-col gap-3\">\n<div class=\"min-h-&#091;20px&#093; flex items-start overflow-x-auto whitespace-pre-wrap break-words flex-col gap-4\">\n<div class=\"markdown prose w-full break-words dark:prose-invert light\">\n<p>Very professional and competent. His expertise is second to none. We have used the services of his team several times and they have never disappointed us. We recommend him to anyone who needs an inspection for their residential or commercial property. <em>(Translated from French)<\/em><\/p>\n<\/div>\n<\/div>\n<\/div>\n<\/div>\n<\/div>\n<\/div>\n\n          <\/div>\n          <div class=\"testimonial-meta pt-half\">\n             <strong class=\"testimonial-name test_name\">Ana Petcu<\/strong>\n             <span class=\"testimonial-name-divider\"> \/ <\/span>             <span class=\"testimonial-company test_company\">Commercial<\/span>\n          <\/div>\n        <\/div>\n  <\/div>\n\n  \n\n\t\t<\/div>\n\t\t\t\t\t<\/div>\n\n\t\n\n\t<div id=\"col-1263865471\" class=\"col medium-4 small-12 large-4\"  >\n\t\t\t\t<div class=\"col-inner\"  >\n\t\t\t\n\t\t\t\n\n  <div class=\"icon-box testimonial-box icon-box-center text-center\">\n                <div class=\"icon-box-img testimonial-image circle\" style=\"width: 121px\">\n                      <\/div>\n                <div class=\"icon-box-text p-last-0\">\n          <div class=\"star-rating\"><span style=\"width:100%\"><strong class=\"rating\"><\/strong><\/span><\/div>  \t\t\t\t<div class=\"testimonial-text line-height-small italic test_text first-reset last-reset is-italic\">\n            \n\n<div class=\"e-box h-p2 -stacked -radius-none\">\n<p class=\"t-body h-my1\">Excellent inspection company. We have used their services more than once. Emil is a very good popularizer of technical notions. Always ready to listen. No problems since 2020. <em>(Translated from French)<\/em><\/p>\n<\/div>\n\n          <\/div>\n          <div class=\"testimonial-meta pt-half\">\n             <strong class=\"testimonial-name test_name\">E B<\/strong>\n             <span class=\"testimonial-name-divider\"> \/ <\/span>             <span class=\"testimonial-company test_company\">Commercial<\/span>\n          <\/div>\n        <\/div>\n  <\/div>\n\n  \n\n\t\t<\/div>\n\t\t\t\t\t<\/div>\n\n\t\n\n\n<style>\n#row-388630658 > .col > .col-inner {\n  padding: 30px 30px 30px 30px;\n  background-color: rgb(255,255,255);\n}\n<\/style>\n<\/div>\n\n\t\t<\/div>\n\t\t\t\t\t<\/div>\n\n\t\n\n<\/div>\n\n\t\t<\/div>\n\t\t\t\t\n<style>\n#col-1039497691 > .col-inner {\n  margin: 0px 0px -30px 0px;\n}\n<\/style>\n\t<\/div>\n\n\t\n\n<\/div>\n\n\t\t<\/div>\n\n\t\t\n<style>\n#section_2045059508 {\n  padding-top: 30px;\n  padding-bottom: 30px;\n}\n<\/style>\n\t<\/section>\n\t\n\t<section class=\"section\" id=\"section_1377150539\">\n\t\t<div class=\"bg section-bg fill bg-fill  bg-loaded\" >\n\n\t\t\t\n\t\t\t\n\t\t\t\n\n\t\t<\/div>\n\n\t\t\n\n\t\t<div class=\"section-content relative\">\n\t\t\t\n\n<div class=\"row\"  id=\"row-1024043748\">\n\n\n\t<div id=\"col-711320918\" class=\"col small-12 large-12\"  >\n\t\t\t\t<div class=\"col-inner\"  >\n\t\t\t\n\t\t\t\n\n\t<div id=\"text-2462668313\" class=\"text\">\n\t\t\n\n<h3>Regions We Serve<\/h3>\n<p><strong>Greater Montreal Area: <\/strong>Plateau-Mont-Royal, Mile End, Outremont, Ville-Marie, Old Montreal, Griffintown, Quartier des Spectacles, Quartier Latin, Chinatown, Gay Village, C\u00f4te-des-Neiges (CDN), Notre-Dame-de-Gr\u00e2ce (NDG), Westmount, Little Burgundy, Saint-Henri, Verdun, Hochelaga-Maisonneuve, Rosemont-La Petite-Patrie, Villeray-Saint-Michel-Parc-Extension, Anjou, Saint-L\u00e9onard, Ahuntsic-Cartierville, Montr\u00e9al-Nord, Rivi\u00e8re-des-Prairies-Pointe-aux-Trembles, Mercier-Hochelaga-Maisonneuve, LaSalle, Lachine, Dorval, Pointe-Claire, Dollard-des-Ormeaux, Pierrefonds-Roxboro. <strong>North Shore and Laurentians:<\/strong> Laval, Terrebonne, Saint-J\u00e9r\u00f4me, Blainville, Mirabel, Saint-Eustache, Boisbriand, Sainte-Th\u00e9r\u00e8se, Val David, Saint Sauveur, Mont Tremblant. Lanaudi\u00e8re: Repentigny, Mascouche, L'Assomption, Joliette, Saint-Charles-Borrom\u00e9e, L'\u00c9piphanie. <strong>South Shore and Mont\u00e9r\u00e9gie:<\/strong> Longueuil, Brossard, Saint-Hubert, Saint-Jean-sur-Richelieu, Saint-Bruno-de-Montarville, Boucherville, Saint-Lambert, Ch\u00e2teauguay, La Prairie, Sainte-Julie, Granby. <strong>Mauricie:<\/strong> Trois-Rivi\u00e8res, Shawinigan, B\u00e9cancour, La Tuque, Louiseville. <strong>Capitale-Nationale:<\/strong> Quebec City and surrounding cities, Gatineau region, <strong>Eastern Townships:<\/strong> Sherbrooke and surrounding areas.<\/p>\n\t\t\n<style>\n#text-2462668313 {\n  font-size: 0.9rem;\n}\n@media (min-width:550px) {\n  #text-2462668313 {\n    font-size: 0.8rem;\n  }\n}\n<\/style>\n\t<\/div>\n\t\n\n\t\t<\/div>\n\t\t\t\t\n<style>\n#col-711320918 > .col-inner {\n  margin: 0px 0px -30px 0px;\n}\n<\/style>\n\t<\/div>\n\n\t\n\n<\/div>\n\n\t\t<\/div>\n\n\t\t\n<style>\n#section_1377150539 {\n  padding-top: 30px;\n  padding-bottom: 30px;\n  background-color: rgb(247, 247, 247);\n}\n<\/style>\n\t<\/section>\n\t\n\n\n","protected":false},"excerpt":{"rendered":"","protected":false},"author":1,"featured_media":0,"parent":0,"menu_order":0,"comment_status":"closed","ping_status":"closed","template":"page-transparent-header-light.php","meta":{"footnotes":""},"class_list":["post-635","page","type-page","status-publish","hentry"],"jetpack_sharing_enabled":true,"_links":{"self":[{"href":"https:\/\/maitreinspecteur.com\/en\/wp-json\/wp\/v2\/pages\/635","targetHints":{"allow":["GET"]}}],"collection":[{"href":"https:\/\/maitreinspecteur.com\/en\/wp-json\/wp\/v2\/pages"}],"about":[{"href":"https:\/\/maitreinspecteur.com\/en\/wp-json\/wp\/v2\/types\/page"}],"author":[{"embeddable":true,"href":"https:\/\/maitreinspecteur.com\/en\/wp-json\/wp\/v2\/users\/1"}],"replies":[{"embeddable":true,"href":"https:\/\/maitreinspecteur.com\/en\/wp-json\/wp\/v2\/comments?post=635"}],"version-history":[{"count":5,"href":"https:\/\/maitreinspecteur.com\/en\/wp-json\/wp\/v2\/pages\/635\/revisions"}],"predecessor-version":[{"id":1604,"href":"https:\/\/maitreinspecteur.com\/en\/wp-json\/wp\/v2\/pages\/635\/revisions\/1604"}],"wp:attachment":[{"href":"https:\/\/maitreinspecteur.com\/en\/wp-json\/wp\/v2\/media?parent=635"}],"curies":[{"name":"wp","href":"https:\/\/api.w.org\/{rel}","templated":true}]}}